{"id":163,"date":"2025-10-12T09:58:11","date_gmt":"2025-10-12T09:58:11","guid":{"rendered":"https:\/\/pause-paysanne.com\/?page_id=163"},"modified":"2026-02-07T15:37:06","modified_gmt":"2026-02-07T15:37:06","slug":"le-collectif","status":"publish","type":"page","link":"https:\/\/pause-paysanne.com\/index.php\/le-collectif\/","title":{"rendered":"L&#8217;\u00e9quipe"},"content":{"rendered":"<div style=\"margin-top: -350px;\"><h2 style=\"text-align: center;\">Nicolas Boquelet<\/h2>\n<p><img loading=\"lazy\" decoding=\"async\" width=\"768\" height=\"1024\" class=\"wp-image-262 aligncenter\" style=\"margin-bottom: 30px; max-width: 400px;\" src=\"https:\/\/pause-paysanne.com\/wp-content\/uploads\/2025\/10\/Nico-b-768x1024.jpg\" alt=\"\" srcset=\"https:\/\/pause-paysanne.com\/wp-content\/uploads\/2025\/10\/Nico-b-768x1024.jpg 768w, https:\/\/pause-paysanne.com\/wp-content\/uploads\/2025\/10\/Nico-b-225x300.jpg 225w, https:\/\/pause-paysanne.com\/wp-content\/uploads\/2025\/10\/Nico-b-1152x1536.jpg 1152w, https:\/\/pause-paysanne.com\/wp-content\/uploads\/2025\/10\/Nico-b-1536x2048.jpg 1536w, https:\/\/pause-paysanne.com\/wp-content\/uploads\/2025\/10\/Nico-b-scaled.jpg 1920w\" sizes=\"auto, (max-width: 768px) 100vw, 768px\" \/><\/p>\n<p>Animateur loisirs, encadrant technique sur des chantiers d\u2019insertion et aujourd\u2019hui \u00e9ducateur sp\u00e9cialis\u00e9, je pratique la m\u00e9diation animale depuis plus de 20 ans. Convaincu que nos deux pieds sur terre ne peuvent marcher droit \u00ab\u00a0qu\u2019\u00e0 quatre pattes\u00a0\u00bb, j\u2019essaie d\u00e8s que je le peux de placer l\u2019animal au c\u0153ur de mon accompagnement. Le projet Pause paysanne me permet d\u2019\u0153uvrer au sein d\u2019un collectif anim\u00e9 par de fortes valeurs humaines pour vous permettre de vivre un s\u00e9jour authentique.<\/p>\n<h2 style=\"text-align: center;\">Nicolas Saraval<\/h2>\n<p><img loading=\"lazy\" decoding=\"async\" width=\"1024\" height=\"768\" class=\"wp-image-263 aligncenter\" style=\"margin-bottom: 30px; max-width: 400px;\" src=\"https:\/\/pause-paysanne.com\/wp-content\/uploads\/2025\/10\/nico-s-1-1024x768.jpeg\" alt=\"\" \/><\/p>\n<p>Papa de quatre enfants, parisien de naissance et normand d&#8217;adoption, je suis passionn\u00e9 d&#8217;animaux depuis mon plus jeune \u00e2ge. Avec des amis nous avons mis en place en 2002 une association structur\u00e9e en ferme p\u00e9dagogique. Elle est n\u00e9e pour d\u00e9velopper un projet de th\u00e9\u00e2tre itin\u00e9rant avec des jeunes issus de quartiers politiques de la ville. La particularit\u00e9 de ce projet \u00e9tait de se d\u00e9placer de places de village en places de village avec des \u00e2nes b\u00e2t\u00e9s. L&#8217;arriv\u00e9e d&#8217;Anne dans ma vie, enseignante en ULIS et militante humaniste a donn\u00e9 une sp\u00e9cificit\u00e9 suppl\u00e9mentaire aux animations de la ferme. En parall\u00e8le de cette passion, la d\u00e9couverte de l&#8217;animation en milieu rural \u00e0 17 ans m&#8217;a profond\u00e9ment marqu\u00e9. L&#8217;\u00e9ducation populaire est devenue une \u00e9vidence. 20 ans dans un centre social en zone politique de la ville et directeur de ce dernier pendant 6 ans, je me suis form\u00e9 avec le DEFA. En 2012, j&#8217;ai fait le choix de quitter le centre social pour d\u00e9velopper la ferme p\u00e9dagogique, en devenir salari\u00e9 et ainsi mettre en ad\u00e9quation mes envie de mieux vivre. En recevant de nombreux groupe en m\u00e9diation animale et au cours d&#8217;\u00e9changes informels avec des parents, des \u00e9ducateurs, je me suis aper\u00e7u du besoin des aidants, des personnes en situation de handicap de faire une pause dans un quotidien difficile. Pause paysanne naissait avec quelques copains dont Nico, ami de longue date.\n\n\n<\/p>\n<h2 style=\"text-align: center;\">Kaya ponette tout terrain<\/h2>\n<p><img loading=\"lazy\" decoding=\"async\" width=\"1024\" height=\"683\" class=\"wp-image-270 aligncenter\" style=\"margin-bottom: 30px; max-width: 400px;\" src=\"https:\/\/pause-paysanne.com\/wp-content\/uploads\/2025\/10\/poney-11-1-1024x683.jpeg\" alt=\"\" srcset=\"https:\/\/pause-paysanne.com\/wp-content\/uploads\/2025\/10\/poney-11-1-1024x683.jpeg 1024w, https:\/\/pause-paysanne.com\/wp-content\/uploads\/2025\/10\/poney-11-1-300x200.jpeg 300w, https:\/\/pause-paysanne.com\/wp-content\/uploads\/2025\/10\/poney-11-1-768x512.jpeg 768w, https:\/\/pause-paysanne.com\/wp-content\/uploads\/2025\/10\/poney-11-1-1536x1024.jpeg 1536w, https:\/\/pause-paysanne.com\/wp-content\/uploads\/2025\/10\/poney-11-1-2048x1365.jpeg 2048w\" sizes=\"auto, (max-width: 1024px) 100vw, 1024px\" \/><\/p>\n<h2 style=\"text-align: center;\">Or\u00e9o la vache<\/h2>\n<p><img loading=\"lazy\" decoding=\"async\" width=\"1024\" height=\"683\" class=\"wp-image-272 aligncenter\" style=\"margin-bottom: 30px; max-width: 400px;\" src=\"https:\/\/pause-paysanne.com\/wp-content\/uploads\/2025\/10\/vache-11-1-1024x683.jpeg\" alt=\"\" srcset=\"https:\/\/pause-paysanne.com\/wp-content\/uploads\/2025\/10\/vache-11-1-1024x683.jpeg 1024w, https:\/\/pause-paysanne.com\/wp-content\/uploads\/2025\/10\/vache-11-1-300x200.jpeg 300w, https:\/\/pause-paysanne.com\/wp-content\/uploads\/2025\/10\/vache-11-1-768x512.jpeg 768w, https:\/\/pause-paysanne.com\/wp-content\/uploads\/2025\/10\/vache-11-1-1536x1024.jpeg 1536w, https:\/\/pause-paysanne.com\/wp-content\/uploads\/2025\/10\/vache-11-1-2048x1365.jpeg 2048w\" sizes=\"auto, (max-width: 1024px) 100vw, 1024px\" \/><\/p>\n<h2 style=\"text-align: center;\">Sympa la truie<\/h2>\n<p><img loading=\"lazy\" decoding=\"async\" width=\"1024\" height=\"768\" class=\"wp-image-273 aligncenter\" style=\"margin-bottom: 30px; max-width: 400px;\" src=\"https:\/\/pause-paysanne.com\/wp-content\/uploads\/2025\/10\/cochon-1-1024x768.jpeg\" alt=\"\" srcset=\"https:\/\/pause-paysanne.com\/wp-content\/uploads\/2025\/10\/cochon-1-1024x768.jpeg 1024w, https:\/\/pause-paysanne.com\/wp-content\/uploads\/2025\/10\/cochon-1-300x225.jpeg 300w, https:\/\/pause-paysanne.com\/wp-content\/uploads\/2025\/10\/cochon-1-768x576.jpeg 768w, https:\/\/pause-paysanne.com\/wp-content\/uploads\/2025\/10\/cochon-1-1536x1152.jpeg 1536w, https:\/\/pause-paysanne.com\/wp-content\/uploads\/2025\/10\/cochon-1-2048x1536.jpeg 2048w\" sizes=\"auto, (max-width: 1024px) 100vw, 1024px\" \/><\/p>\n\n<h1 style=\"text-align: center; padding-top: 70px; margin-bottom: 40px;\">Vous souhaitez nous contacter?<\/h1>\n<h3 style=\"text-align: center;  margin-bottom: 40px;\">Par t\u00e9l\u00e9phone<\/h3>\n<!-- \/wp:post-content -->\n<div style=\"text-align: center; \";><img decoding=\"async\" src=\"https:\/\/pause-paysanne.com\/wp-content\/uploads\/2026\/01\/telephone_03.png\" alt=\"\" style=\"max-width: 400px;\"\/><\/div>\n<h3 style=\"text-align: center; padding-top: 70px; margin-bottom: 40px;\">Par message<\/h3>\n<!-- wp:html -->\n\n<div class=\"wpcf7 no-js\" id=\"wpcf7-f682-o1\" lang=\"en-US\" dir=\"ltr\" data-wpcf7-id=\"682\">\n<div class=\"screen-reader-response\"><p role=\"status\" aria-live=\"polite\" aria-atomic=\"true\"><\/p> <ul><\/ul><\/div>\n<form action=\"\/index.php\/wp-json\/wp\/v2\/pages\/163#wpcf7-f682-o1\" method=\"post\" class=\"wpcf7-form init\" aria-label=\"Contact form\" novalidate=\"novalidate\" data-status=\"init\">\n<fieldset class=\"hidden-fields-container\"><input type=\"hidden\" name=\"_wpcf7\" value=\"682\" \/><input type=\"hidden\" name=\"_wpcf7_version\" value=\"6.1.4\" \/><input type=\"hidden\" name=\"_wpcf7_locale\" value=\"en_US\" \/><input type=\"hidden\" name=\"_wpcf7_unit_tag\" value=\"wpcf7-f682-o1\" \/><input type=\"hidden\" name=\"_wpcf7_container_post\" value=\"0\" \/><input type=\"hidden\" name=\"_wpcf7_posted_data_hash\" value=\"\" \/><input type=\"hidden\" name=\"_wpcf7_recaptcha_response\" value=\"\" \/>\n<\/fieldset>\n<div style=\"text-align : center; \">\n\t<p><label > Nom<br \/>\n<\/label>\n\t<\/p>\n\t<div>\n\t\t<p><span class=\"wpcf7-form-control-wrap\" data-name=\"text-159\"><input size=\"40\" maxlength=\"400\" class=\"wpcf7-form-control wpcf7-text formulaire\" aria-invalid=\"false\" value=\"\" type=\"text\" name=\"text-159\" \/><\/span>\n\t\t<\/p>\n\t<\/div>\n\t<p><label> Courriel<br \/>\n<\/label>\n\t<\/p>\n\t<div>\n\t\t<p><span class=\"wpcf7-form-control-wrap\" data-name=\"your-email\"><input size=\"40\" maxlength=\"400\" class=\"wpcf7-form-control wpcf7-email wpcf7-validates-as-required wpcf7-text wpcf7-validates-as-email\" autocomplete=\"email\" aria-required=\"true\" aria-invalid=\"false\" value=\"\" type=\"email\" name=\"your-email\" \/><\/span>\n\t\t<\/p>\n\t<\/div>\n\t<p><label> T\u00e9l\u00e9phone<br \/>\n<\/label>\n\t<\/p>\n\t<div>\n\t\t<p><span class=\"wpcf7-form-control-wrap\" data-name=\"tel-512\"><input size=\"40\" maxlength=\"400\" class=\"wpcf7-form-control wpcf7-tel wpcf7-text wpcf7-validates-as-tel\" aria-invalid=\"false\" value=\"\" type=\"tel\" name=\"tel-512\" \/><\/span>\n\t\t<\/p>\n\t<\/div>\n\t<p><label> Votre message <br \/>\n<\/label>\n\t<\/p>\n\t<div>\n\t\t<p><span class=\"wpcf7-form-control-wrap\" data-name=\"your-message\"><textarea cols=\"40\" rows=\"10\" maxlength=\"2000\" class=\"wpcf7-form-control wpcf7-textarea wpcf7-validates-as-required\" aria-required=\"true\" aria-invalid=\"false\" name=\"your-message\"><\/textarea><\/span>\n\t\t<\/p>\n\t<\/div>\n\t<p><input class=\"wpcf7-form-control wpcf7-submit has-spinner\" type=\"submit\" value=\"Soumettre\" \/>\n\t<\/p>\n<\/div>\n<p class='keraca'><span class=\"wpcf7-form-control-wrap\" data-name=\"keraca\"><input size=\"40\" maxlength=\"400\" class=\"wpcf7-form-control wpcf7-text\" aria-invalid=\"false\" value=\"\" type=\"text\" name=\"keraca\" \/><\/span>\n<\/p>\n<p class='nefece'><span class=\"wpcf7-form-control-wrap\" data-name=\"nefece\"><input size=\"40\" maxlength=\"400\" class=\"wpcf7-form-control wpcf7-text\" aria-invalid=\"false\" value=\"\" type=\"text\" name=\"nefece\" \/><\/span>\n<\/p>\n<p class='yapuso'><span class=\"wpcf7-form-control-wrap\" data-name=\"yapuso\"><input size=\"40\" maxlength=\"400\" class=\"wpcf7-form-control wpcf7-text\" aria-invalid=\"false\" value=\"\" type=\"text\" name=\"yapuso\" \/><\/span>\n<\/p><input type=\"hidden\" id=\"ct_checkjs_cf7_96ea64f3a1aa2fd00c72faacf0cb8ac9\" name=\"ct_checkjs_cf7\" value=\"0\" \/><script >setTimeout(function(){var ct_input_name = \"ct_checkjs_cf7_96ea64f3a1aa2fd00c72faacf0cb8ac9\";if (document.getElementById(ct_input_name) !== null) {var ct_input_value = document.getElementById(ct_input_name).value;document.getElementById(ct_input_name).value = document.getElementById(ct_input_name).value.replace(ct_input_value, '1566619180');}}, 1000);<\/script><input\n                    class=\"apbct_special_field apbct_email_id__wp_contact_form_7\"\n                    name=\"apbct__email_id__wp_contact_form_7\"\n                    aria-label=\"apbct__label_id__wp_contact_form_7\"\n                    type=\"text\" size=\"30\" maxlength=\"200\" autocomplete=\"off\"\n                    value=\"\"\n                \/><div class=\"wpcf7-response-output\" aria-hidden=\"true\"><\/div>\n<\/form>\n<\/div>\n\n<!-- \/wp:html --><\/div>","protected":false},"excerpt":{"rendered":"<p>Nicolas Boquelet Animateur loisirs, encadrant technique sur des chantiers d\u2019insertion et aujourd\u2019hui \u00e9ducateur sp\u00e9cialis\u00e9, je pratique la m\u00e9diation animale depuis&#8230;<\/p>\n","protected":false},"author":1,"featured_media":0,"parent":0,"menu_order":0,"comment_status":"closed","ping_status":"closed","template":"","meta":{"footnotes":""},"class_list":["post-163","page","type-page","status-publish","hentry"],"yoast_head":"<!-- This site is optimized with the Yoast SEO plugin v26.9 - https:\/\/yoast.com\/product\/yoast-seo-wordpress\/ -->\n<title>L&#039;\u00e9quipe - pause paysanne<\/title>\n<meta name=\"robots\" content=\"index, follow, max-snippet:-1, max-image-preview:large, max-video-preview:-1\" \/>\n<link rel=\"canonical\" href=\"https:\/\/pause-paysanne.com\/index.php\/le-collectif\/\" \/>\n<meta property=\"og:locale\" content=\"en_US\" \/>\n<meta property=\"og:type\" content=\"article\" \/>\n<meta property=\"og:title\" content=\"L&#039;\u00e9quipe - pause paysanne\" \/>\n<meta property=\"og:description\" content=\"Nicolas Boquelet Animateur loisirs, encadrant technique sur des chantiers d\u2019insertion et aujourd\u2019hui \u00e9ducateur sp\u00e9cialis\u00e9, je pratique la m\u00e9diation animale depuis...\" \/>\n<meta property=\"og:url\" content=\"https:\/\/pause-paysanne.com\/index.php\/le-collectif\/\" \/>\n<meta property=\"og:site_name\" content=\"pause paysanne\" \/>\n<meta property=\"article:modified_time\" content=\"2026-02-07T15:37:06+00:00\" \/>\n<meta property=\"og:image\" content=\"https:\/\/pause-paysanne.com\/wp-content\/uploads\/2025\/10\/Nico-b-scaled.jpg\" \/>\n\t<meta property=\"og:image:width\" content=\"1920\" \/>\n\t<meta property=\"og:image:height\" content=\"2560\" \/>\n\t<meta property=\"og:image:type\" content=\"image\/jpeg\" \/>\n<meta name=\"twitter:card\" content=\"summary_large_image\" \/>\n<meta name=\"twitter:label1\" content=\"Est. reading time\" \/>\n\t<meta name=\"twitter:data1\" content=\"3 minutes\" \/>\n<script type=\"application\/ld+json\" class=\"yoast-schema-graph\">{\"@context\":\"https:\/\/schema.org\",\"@graph\":[{\"@type\":\"WebPage\",\"@id\":\"https:\/\/pause-paysanne.com\/index.php\/le-collectif\/\",\"url\":\"https:\/\/pause-paysanne.com\/index.php\/le-collectif\/\",\"name\":\"L'\u00e9quipe - pause paysanne\",\"isPartOf\":{\"@id\":\"https:\/\/pause-paysanne.com\/#website\"},\"primaryImageOfPage\":{\"@id\":\"https:\/\/pause-paysanne.com\/index.php\/le-collectif\/#primaryimage\"},\"image\":{\"@id\":\"https:\/\/pause-paysanne.com\/index.php\/le-collectif\/#primaryimage\"},\"thumbnailUrl\":\"https:\/\/pause-paysanne.com\/wp-content\/uploads\/2025\/10\/Nico-b-768x1024.jpg\",\"datePublished\":\"2025-10-12T09:58:11+00:00\",\"dateModified\":\"2026-02-07T15:37:06+00:00\",\"breadcrumb\":{\"@id\":\"https:\/\/pause-paysanne.com\/index.php\/le-collectif\/#breadcrumb\"},\"inLanguage\":\"en-US\",\"potentialAction\":[{\"@type\":\"ReadAction\",\"target\":[\"https:\/\/pause-paysanne.com\/index.php\/le-collectif\/\"]}]},{\"@type\":\"ImageObject\",\"inLanguage\":\"en-US\",\"@id\":\"https:\/\/pause-paysanne.com\/index.php\/le-collectif\/#primaryimage\",\"url\":\"https:\/\/pause-paysanne.com\/wp-content\/uploads\/2025\/10\/Nico-b-scaled.jpg\",\"contentUrl\":\"https:\/\/pause-paysanne.com\/wp-content\/uploads\/2025\/10\/Nico-b-scaled.jpg\",\"width\":1920,\"height\":2560},{\"@type\":\"BreadcrumbList\",\"@id\":\"https:\/\/pause-paysanne.com\/index.php\/le-collectif\/#breadcrumb\",\"itemListElement\":[{\"@type\":\"ListItem\",\"position\":1,\"name\":\"Home\",\"item\":\"https:\/\/pause-paysanne.com\/\"},{\"@type\":\"ListItem\",\"position\":2,\"name\":\"L&#8217;\u00e9quipe\"}]},{\"@type\":\"WebSite\",\"@id\":\"https:\/\/pause-paysanne.com\/#website\",\"url\":\"https:\/\/pause-paysanne.com\/\",\"name\":\"pause paysanne\",\"description\":\"\",\"publisher\":{\"@id\":\"https:\/\/pause-paysanne.com\/#organization\"},\"potentialAction\":[{\"@type\":\"SearchAction\",\"target\":{\"@type\":\"EntryPoint\",\"urlTemplate\":\"https:\/\/pause-paysanne.com\/?s={search_term_string}\"},\"query-input\":{\"@type\":\"PropertyValueSpecification\",\"valueRequired\":true,\"valueName\":\"search_term_string\"}}],\"inLanguage\":\"en-US\"},{\"@type\":\"Organization\",\"@id\":\"https:\/\/pause-paysanne.com\/#organization\",\"name\":\"pause paysanne\",\"url\":\"https:\/\/pause-paysanne.com\/\",\"logo\":{\"@type\":\"ImageObject\",\"inLanguage\":\"en-US\",\"@id\":\"https:\/\/pause-paysanne.com\/#\/schema\/logo\/image\/\",\"url\":\"https:\/\/pause-paysanne.com\/wp-content\/uploads\/2025\/09\/cropped-accueil-pause-paysanne_03.png\",\"contentUrl\":\"https:\/\/pause-paysanne.com\/wp-content\/uploads\/2025\/09\/cropped-accueil-pause-paysanne_03.png\",\"width\":575,\"height\":155,\"caption\":\"pause paysanne\"},\"image\":{\"@id\":\"https:\/\/pause-paysanne.com\/#\/schema\/logo\/image\/\"}}]}<\/script>\n<!-- \/ Yoast SEO plugin. -->","yoast_head_json":{"title":"L'\u00e9quipe - pause paysanne","robots":{"index":"index","follow":"follow","max-snippet":"max-snippet:-1","max-image-preview":"max-image-preview:large","max-video-preview":"max-video-preview:-1"},"canonical":"https:\/\/pause-paysanne.com\/index.php\/le-collectif\/","og_locale":"en_US","og_type":"article","og_title":"L'\u00e9quipe - pause paysanne","og_description":"Nicolas Boquelet Animateur loisirs, encadrant technique sur des chantiers d\u2019insertion et aujourd\u2019hui \u00e9ducateur sp\u00e9cialis\u00e9, je pratique la m\u00e9diation animale depuis...","og_url":"https:\/\/pause-paysanne.com\/index.php\/le-collectif\/","og_site_name":"pause paysanne","article_modified_time":"2026-02-07T15:37:06+00:00","og_image":[{"width":1920,"height":2560,"url":"https:\/\/pause-paysanne.com\/wp-content\/uploads\/2025\/10\/Nico-b-scaled.jpg","type":"image\/jpeg"}],"twitter_card":"summary_large_image","twitter_misc":{"Est. reading time":"3 minutes"},"schema":{"@context":"https:\/\/schema.org","@graph":[{"@type":"WebPage","@id":"https:\/\/pause-paysanne.com\/index.php\/le-collectif\/","url":"https:\/\/pause-paysanne.com\/index.php\/le-collectif\/","name":"L'\u00e9quipe - pause paysanne","isPartOf":{"@id":"https:\/\/pause-paysanne.com\/#website"},"primaryImageOfPage":{"@id":"https:\/\/pause-paysanne.com\/index.php\/le-collectif\/#primaryimage"},"image":{"@id":"https:\/\/pause-paysanne.com\/index.php\/le-collectif\/#primaryimage"},"thumbnailUrl":"https:\/\/pause-paysanne.com\/wp-content\/uploads\/2025\/10\/Nico-b-768x1024.jpg","datePublished":"2025-10-12T09:58:11+00:00","dateModified":"2026-02-07T15:37:06+00:00","breadcrumb":{"@id":"https:\/\/pause-paysanne.com\/index.php\/le-collectif\/#breadcrumb"},"inLanguage":"en-US","potentialAction":[{"@type":"ReadAction","target":["https:\/\/pause-paysanne.com\/index.php\/le-collectif\/"]}]},{"@type":"ImageObject","inLanguage":"en-US","@id":"https:\/\/pause-paysanne.com\/index.php\/le-collectif\/#primaryimage","url":"https:\/\/pause-paysanne.com\/wp-content\/uploads\/2025\/10\/Nico-b-scaled.jpg","contentUrl":"https:\/\/pause-paysanne.com\/wp-content\/uploads\/2025\/10\/Nico-b-scaled.jpg","width":1920,"height":2560},{"@type":"BreadcrumbList","@id":"https:\/\/pause-paysanne.com\/index.php\/le-collectif\/#breadcrumb","itemListElement":[{"@type":"ListItem","position":1,"name":"Home","item":"https:\/\/pause-paysanne.com\/"},{"@type":"ListItem","position":2,"name":"L&#8217;\u00e9quipe"}]},{"@type":"WebSite","@id":"https:\/\/pause-paysanne.com\/#website","url":"https:\/\/pause-paysanne.com\/","name":"pause paysanne","description":"","publisher":{"@id":"https:\/\/pause-paysanne.com\/#organization"},"potentialAction":[{"@type":"SearchAction","target":{"@type":"EntryPoint","urlTemplate":"https:\/\/pause-paysanne.com\/?s={search_term_string}"},"query-input":{"@type":"PropertyValueSpecification","valueRequired":true,"valueName":"search_term_string"}}],"inLanguage":"en-US"},{"@type":"Organization","@id":"https:\/\/pause-paysanne.com\/#organization","name":"pause paysanne","url":"https:\/\/pause-paysanne.com\/","logo":{"@type":"ImageObject","inLanguage":"en-US","@id":"https:\/\/pause-paysanne.com\/#\/schema\/logo\/image\/","url":"https:\/\/pause-paysanne.com\/wp-content\/uploads\/2025\/09\/cropped-accueil-pause-paysanne_03.png","contentUrl":"https:\/\/pause-paysanne.com\/wp-content\/uploads\/2025\/09\/cropped-accueil-pause-paysanne_03.png","width":575,"height":155,"caption":"pause paysanne"},"image":{"@id":"https:\/\/pause-paysanne.com\/#\/schema\/logo\/image\/"}}]}},"_links":{"self":[{"href":"https:\/\/pause-paysanne.com\/index.php\/wp-json\/wp\/v2\/pages\/163","targetHints":{"allow":["GET"]}}],"collection":[{"href":"https:\/\/pause-paysanne.com\/index.php\/wp-json\/wp\/v2\/pages"}],"about":[{"href":"https:\/\/pause-paysanne.com\/index.php\/wp-json\/wp\/v2\/types\/page"}],"author":[{"embeddable":true,"href":"https:\/\/pause-paysanne.com\/index.php\/wp-json\/wp\/v2\/users\/1"}],"replies":[{"embeddable":true,"href":"https:\/\/pause-paysanne.com\/index.php\/wp-json\/wp\/v2\/comments?post=163"}],"version-history":[{"count":57,"href":"https:\/\/pause-paysanne.com\/index.php\/wp-json\/wp\/v2\/pages\/163\/revisions"}],"predecessor-version":[{"id":719,"href":"https:\/\/pause-paysanne.com\/index.php\/wp-json\/wp\/v2\/pages\/163\/revisions\/719"}],"wp:attachment":[{"href":"https:\/\/pause-paysanne.com\/index.php\/wp-json\/wp\/v2\/media?parent=163"}],"curies":[{"name":"wp","href":"https:\/\/api.w.org\/{rel}","templated":true}]}}