{"id":173,"date":"2025-10-12T10:03:10","date_gmt":"2025-10-12T10:03:10","guid":{"rendered":"https:\/\/pause-paysanne.com\/?page_id=173"},"modified":"2026-02-07T15:37:45","modified_gmt":"2026-02-07T15:37:45","slug":"la-mediation-animale","status":"publish","type":"page","link":"https:\/\/pause-paysanne.com\/index.php\/la-mediation-animale\/","title":{"rendered":"La m\u00e9diation animale"},"content":{"rendered":"<div style=\"margin-top: -350px;\"><img loading=\"lazy\" decoding=\"async\" width=\"768\" height=\"1024\" class=\"wp-image-216 aligncenter\" style=\"padding-bottom: 70px; max-width: 400px;\" src=\"https:\/\/pause-paysanne.com\/wp-content\/uploads\/2025\/10\/mediation-1-768x1024.jpeg\" alt=\"\" srcset=\"https:\/\/pause-paysanne.com\/wp-content\/uploads\/2025\/10\/mediation-1-768x1024.jpeg 768w, https:\/\/pause-paysanne.com\/wp-content\/uploads\/2025\/10\/mediation-1-225x300.jpeg 225w, https:\/\/pause-paysanne.com\/wp-content\/uploads\/2025\/10\/mediation-1-1152x1536.jpeg 1152w, https:\/\/pause-paysanne.com\/wp-content\/uploads\/2025\/10\/mediation-1-1536x2048.jpeg 1536w, https:\/\/pause-paysanne.com\/wp-content\/uploads\/2025\/10\/mediation-1-scaled.jpeg 1920w\" sizes=\"auto, (max-width: 768px) 100vw, 768px\" \/>\n\nProfessionnels de l\u2019\u00e9ducation sp\u00e9cialis\u00e9e et de l\u2019animation socioculturelle, nous associons les animaux \u00e0 notre pratique depuis plus de vingt ans.\nEn \u00e9troite collaboration avec le r\u00e9f\u00e9rent \u00e9ducatif nous construisons des s\u00e9ances de m\u00e9diation animale \u00e0 destination du b\u00e9n\u00e9ficiaire. Ces s\u00e9ances sont inspir\u00e9es par le projet individuel des accompagn\u00e9s.\nAniers passionn\u00e9s, nous travaillons naturellement avec l\u2019\u00e2ne. Cependant le choix de \u00ab\u00a0l\u2019animal m\u00e9diateur\u00a0\u00bb \u00e9tant primordial nous proposons \u00e9galement des s\u00e9ances avec d\u2019autres animaux\u00a0: lapins, cochons d\u2019Inde, poules \u2026 Sur place vous pourrez aussi rencontrer des chevaux, des vaches, des cochons, des ch\u00e8vres et des moutons.\nParall\u00e8lement \u00e0 la m\u00e9diation animale nous menons des Activit\u00e9s Associant les Animaux (AAA)\u00a0: l\u2019animal est l\u00e0 aussi un support p\u00e9dagogique majeur mais \u00e0 la diff\u00e9rence de la m\u00e9diation animale, ces activit\u00e9s se d\u00e9roulent en groupe. Il peut s\u2019agir du nourrissage des animaux, du permis \u00e2ne, de petites randonn\u00e9es ou tout simplement d\u2019un temps de rencontre et d\u2019observation.\nCes s\u00e9ances individuelles ou collectives que nous souhaitons les plus proches possible de votre projet se d\u00e9roulent sur notre site du Thuit de l\u2019Oison et sont \u00e9galement accessibles en itin\u00e9rance \u00ab\u00a0chez vous\u00a0\u00bb, au sein de votre structure, au plus pr\u00e8s du public.\n<\/div>\n\n<h1 style=\"text-align: center; padding-top: 70px; margin-bottom: 40px;\">Vous souhaitez nous contacter?<\/h1>\n<h3 style=\"text-align: center;  margin-bottom: 40px;\">Par t\u00e9l\u00e9phone<\/h3>\n\n<div style=\"text-align: center; \";><img decoding=\"async\" src=\"https:\/\/pause-paysanne.com\/wp-content\/uploads\/2026\/01\/telephone_03.png\" alt=\"\" style=\"max-width: 400px;\"\/><\/div>\n<h3 style=\"text-align: center; padding-top: 70px; margin-bottom: 40px;\">Par message<\/h3>\n\n\n<div class=\"wpcf7 no-js\" id=\"wpcf7-f682-o1\" lang=\"en-US\" dir=\"ltr\" data-wpcf7-id=\"682\">\n<div class=\"screen-reader-response\"><p role=\"status\" aria-live=\"polite\" aria-atomic=\"true\"><\/p> <ul><\/ul><\/div>\n<form action=\"\/index.php\/wp-json\/wp\/v2\/pages\/173#wpcf7-f682-o1\" method=\"post\" class=\"wpcf7-form init\" aria-label=\"Contact form\" novalidate=\"novalidate\" data-status=\"init\">\n<fieldset class=\"hidden-fields-container\"><input type=\"hidden\" name=\"_wpcf7\" value=\"682\" \/><input type=\"hidden\" name=\"_wpcf7_version\" value=\"6.1.4\" \/><input type=\"hidden\" name=\"_wpcf7_locale\" value=\"en_US\" \/><input type=\"hidden\" name=\"_wpcf7_unit_tag\" value=\"wpcf7-f682-o1\" \/><input type=\"hidden\" name=\"_wpcf7_container_post\" value=\"0\" \/><input type=\"hidden\" name=\"_wpcf7_posted_data_hash\" value=\"\" \/><input type=\"hidden\" name=\"_wpcf7_recaptcha_response\" value=\"\" \/>\n<\/fieldset>\n<div style=\"text-align : center; \">\n\t<p><label > Nom<br \/>\n<\/label>\n\t<\/p>\n\t<div>\n\t\t<p><span class=\"wpcf7-form-control-wrap\" data-name=\"text-159\"><input size=\"40\" maxlength=\"400\" class=\"wpcf7-form-control wpcf7-text formulaire\" aria-invalid=\"false\" value=\"\" type=\"text\" name=\"text-159\" \/><\/span>\n\t\t<\/p>\n\t<\/div>\n\t<p><label> Courriel<br \/>\n<\/label>\n\t<\/p>\n\t<div>\n\t\t<p><span class=\"wpcf7-form-control-wrap\" data-name=\"your-email\"><input size=\"40\" maxlength=\"400\" class=\"wpcf7-form-control wpcf7-email wpcf7-validates-as-required wpcf7-text wpcf7-validates-as-email\" autocomplete=\"email\" aria-required=\"true\" aria-invalid=\"false\" value=\"\" type=\"email\" name=\"your-email\" \/><\/span>\n\t\t<\/p>\n\t<\/div>\n\t<p><label> T\u00e9l\u00e9phone<br \/>\n<\/label>\n\t<\/p>\n\t<div>\n\t\t<p><span class=\"wpcf7-form-control-wrap\" data-name=\"tel-512\"><input size=\"40\" maxlength=\"400\" class=\"wpcf7-form-control wpcf7-tel wpcf7-text wpcf7-validates-as-tel\" aria-invalid=\"false\" value=\"\" type=\"tel\" name=\"tel-512\" \/><\/span>\n\t\t<\/p>\n\t<\/div>\n\t<p><label> Votre message <br \/>\n<\/label>\n\t<\/p>\n\t<div>\n\t\t<p><span class=\"wpcf7-form-control-wrap\" data-name=\"your-message\"><textarea cols=\"40\" rows=\"10\" maxlength=\"2000\" class=\"wpcf7-form-control wpcf7-textarea wpcf7-validates-as-required\" aria-required=\"true\" aria-invalid=\"false\" name=\"your-message\"><\/textarea><\/span>\n\t\t<\/p>\n\t<\/div>\n\t<p><input class=\"wpcf7-form-control wpcf7-submit has-spinner\" type=\"submit\" value=\"Soumettre\" \/>\n\t<\/p>\n<\/div>\n<p class='keraca'><span class=\"wpcf7-form-control-wrap\" data-name=\"keraca\"><input size=\"40\" maxlength=\"400\" class=\"wpcf7-form-control wpcf7-text\" aria-invalid=\"false\" value=\"\" type=\"text\" name=\"keraca\" \/><\/span>\n<\/p>\n<p class='nefece'><span class=\"wpcf7-form-control-wrap\" data-name=\"nefece\"><input size=\"40\" maxlength=\"400\" class=\"wpcf7-form-control wpcf7-text\" aria-invalid=\"false\" value=\"\" type=\"text\" name=\"nefece\" \/><\/span>\n<\/p>\n<p class='yapuso'><span class=\"wpcf7-form-control-wrap\" data-name=\"yapuso\"><input size=\"40\" maxlength=\"400\" class=\"wpcf7-form-control wpcf7-text\" aria-invalid=\"false\" value=\"\" type=\"text\" name=\"yapuso\" \/><\/span>\n<\/p><input type=\"hidden\" id=\"ct_checkjs_cf7_202cb962ac59075b964b07152d234b70\" name=\"ct_checkjs_cf7\" value=\"0\" \/><script >setTimeout(function(){var ct_input_name = \"ct_checkjs_cf7_202cb962ac59075b964b07152d234b70\";if (document.getElementById(ct_input_name) !== null) {var ct_input_value = document.getElementById(ct_input_name).value;document.getElementById(ct_input_name).value = document.getElementById(ct_input_name).value.replace(ct_input_value, '1566619180');}}, 1000);<\/script><input\n                    class=\"apbct_special_field apbct_email_id__wp_contact_form_7\"\n                    name=\"apbct__email_id__wp_contact_form_7\"\n                    aria-label=\"apbct__label_id__wp_contact_form_7\"\n                    type=\"text\" size=\"30\" maxlength=\"200\" autocomplete=\"off\"\n                    value=\"\"\n                \/><div class=\"wpcf7-response-output\" aria-hidden=\"true\"><\/div>\n<\/form>\n<\/div>\n","protected":false},"excerpt":{"rendered":"<p>Professionnels de l\u2019\u00e9ducation sp\u00e9cialis\u00e9e et de l\u2019animation socioculturelle, nous associons les animaux \u00e0 notre pratique depuis plus de vingt ans&#8230;.<\/p>\n","protected":false},"author":1,"featured_media":0,"parent":0,"menu_order":0,"comment_status":"closed","ping_status":"closed","template":"","meta":{"footnotes":""},"class_list":["post-173","page","type-page","status-publish","hentry"],"yoast_head":"<!-- This site is optimized with the Yoast SEO plugin v26.9 - https:\/\/yoast.com\/product\/yoast-seo-wordpress\/ -->\n<title>La m\u00e9diation animale - pause paysanne<\/title>\n<meta name=\"robots\" content=\"index, follow, max-snippet:-1, max-image-preview:large, max-video-preview:-1\" \/>\n<link rel=\"canonical\" href=\"https:\/\/pause-paysanne.com\/index.php\/la-mediation-animale\/\" \/>\n<meta property=\"og:locale\" content=\"en_US\" \/>\n<meta property=\"og:type\" content=\"article\" \/>\n<meta property=\"og:title\" content=\"La m\u00e9diation animale - pause paysanne\" \/>\n<meta property=\"og:description\" content=\"Professionnels de l\u2019\u00e9ducation sp\u00e9cialis\u00e9e et de l\u2019animation socioculturelle, nous associons les animaux \u00e0 notre pratique depuis plus de vingt ans....\" \/>\n<meta property=\"og:url\" content=\"https:\/\/pause-paysanne.com\/index.php\/la-mediation-animale\/\" \/>\n<meta property=\"og:site_name\" content=\"pause paysanne\" \/>\n<meta property=\"article:modified_time\" content=\"2026-02-07T15:37:45+00:00\" \/>\n<meta property=\"og:image\" content=\"http:\/\/pause-paysanne.com\/wp-content\/uploads\/2025\/10\/mediation-1-768x1024.jpeg\" \/>\n<meta name=\"twitter:card\" content=\"summary_large_image\" \/>\n<meta name=\"twitter:label1\" content=\"Est. reading time\" \/>\n\t<meta name=\"twitter:data1\" content=\"2 minutes\" \/>\n<script type=\"application\/ld+json\" class=\"yoast-schema-graph\">{\"@context\":\"https:\/\/schema.org\",\"@graph\":[{\"@type\":\"WebPage\",\"@id\":\"https:\/\/pause-paysanne.com\/index.php\/la-mediation-animale\/\",\"url\":\"https:\/\/pause-paysanne.com\/index.php\/la-mediation-animale\/\",\"name\":\"La m\u00e9diation animale - pause paysanne\",\"isPartOf\":{\"@id\":\"https:\/\/pause-paysanne.com\/#website\"},\"primaryImageOfPage\":{\"@id\":\"https:\/\/pause-paysanne.com\/index.php\/la-mediation-animale\/#primaryimage\"},\"image\":{\"@id\":\"https:\/\/pause-paysanne.com\/index.php\/la-mediation-animale\/#primaryimage\"},\"thumbnailUrl\":\"http:\/\/pause-paysanne.com\/wp-content\/uploads\/2025\/10\/mediation-1-768x1024.jpeg\",\"datePublished\":\"2025-10-12T10:03:10+00:00\",\"dateModified\":\"2026-02-07T15:37:45+00:00\",\"breadcrumb\":{\"@id\":\"https:\/\/pause-paysanne.com\/index.php\/la-mediation-animale\/#breadcrumb\"},\"inLanguage\":\"en-US\",\"potentialAction\":[{\"@type\":\"ReadAction\",\"target\":[\"https:\/\/pause-paysanne.com\/index.php\/la-mediation-animale\/\"]}]},{\"@type\":\"ImageObject\",\"inLanguage\":\"en-US\",\"@id\":\"https:\/\/pause-paysanne.com\/index.php\/la-mediation-animale\/#primaryimage\",\"url\":\"http:\/\/pause-paysanne.com\/wp-content\/uploads\/2025\/10\/mediation-1-768x1024.jpeg\",\"contentUrl\":\"http:\/\/pause-paysanne.com\/wp-content\/uploads\/2025\/10\/mediation-1-768x1024.jpeg\"},{\"@type\":\"BreadcrumbList\",\"@id\":\"https:\/\/pause-paysanne.com\/index.php\/la-mediation-animale\/#breadcrumb\",\"itemListElement\":[{\"@type\":\"ListItem\",\"position\":1,\"name\":\"Home\",\"item\":\"https:\/\/pause-paysanne.com\/\"},{\"@type\":\"ListItem\",\"position\":2,\"name\":\"La m\u00e9diation animale\"}]},{\"@type\":\"WebSite\",\"@id\":\"https:\/\/pause-paysanne.com\/#website\",\"url\":\"https:\/\/pause-paysanne.com\/\",\"name\":\"pause paysanne\",\"description\":\"\",\"publisher\":{\"@id\":\"https:\/\/pause-paysanne.com\/#organization\"},\"potentialAction\":[{\"@type\":\"SearchAction\",\"target\":{\"@type\":\"EntryPoint\",\"urlTemplate\":\"https:\/\/pause-paysanne.com\/?s={search_term_string}\"},\"query-input\":{\"@type\":\"PropertyValueSpecification\",\"valueRequired\":true,\"valueName\":\"search_term_string\"}}],\"inLanguage\":\"en-US\"},{\"@type\":\"Organization\",\"@id\":\"https:\/\/pause-paysanne.com\/#organization\",\"name\":\"pause paysanne\",\"url\":\"https:\/\/pause-paysanne.com\/\",\"logo\":{\"@type\":\"ImageObject\",\"inLanguage\":\"en-US\",\"@id\":\"https:\/\/pause-paysanne.com\/#\/schema\/logo\/image\/\",\"url\":\"https:\/\/pause-paysanne.com\/wp-content\/uploads\/2025\/09\/cropped-accueil-pause-paysanne_03.png\",\"contentUrl\":\"https:\/\/pause-paysanne.com\/wp-content\/uploads\/2025\/09\/cropped-accueil-pause-paysanne_03.png\",\"width\":575,\"height\":155,\"caption\":\"pause paysanne\"},\"image\":{\"@id\":\"https:\/\/pause-paysanne.com\/#\/schema\/logo\/image\/\"}}]}<\/script>\n<!-- \/ Yoast SEO plugin. -->","yoast_head_json":{"title":"La m\u00e9diation animale - pause paysanne","robots":{"index":"index","follow":"follow","max-snippet":"max-snippet:-1","max-image-preview":"max-image-preview:large","max-video-preview":"max-video-preview:-1"},"canonical":"https:\/\/pause-paysanne.com\/index.php\/la-mediation-animale\/","og_locale":"en_US","og_type":"article","og_title":"La m\u00e9diation animale - pause paysanne","og_description":"Professionnels de l\u2019\u00e9ducation sp\u00e9cialis\u00e9e et de l\u2019animation socioculturelle, nous associons les animaux \u00e0 notre pratique depuis plus de vingt ans....","og_url":"https:\/\/pause-paysanne.com\/index.php\/la-mediation-animale\/","og_site_name":"pause paysanne","article_modified_time":"2026-02-07T15:37:45+00:00","og_image":[{"url":"http:\/\/pause-paysanne.com\/wp-content\/uploads\/2025\/10\/mediation-1-768x1024.jpeg","type":"","width":"","height":""}],"twitter_card":"summary_large_image","twitter_misc":{"Est. reading time":"2 minutes"},"schema":{"@context":"https:\/\/schema.org","@graph":[{"@type":"WebPage","@id":"https:\/\/pause-paysanne.com\/index.php\/la-mediation-animale\/","url":"https:\/\/pause-paysanne.com\/index.php\/la-mediation-animale\/","name":"La m\u00e9diation animale - pause paysanne","isPartOf":{"@id":"https:\/\/pause-paysanne.com\/#website"},"primaryImageOfPage":{"@id":"https:\/\/pause-paysanne.com\/index.php\/la-mediation-animale\/#primaryimage"},"image":{"@id":"https:\/\/pause-paysanne.com\/index.php\/la-mediation-animale\/#primaryimage"},"thumbnailUrl":"http:\/\/pause-paysanne.com\/wp-content\/uploads\/2025\/10\/mediation-1-768x1024.jpeg","datePublished":"2025-10-12T10:03:10+00:00","dateModified":"2026-02-07T15:37:45+00:00","breadcrumb":{"@id":"https:\/\/pause-paysanne.com\/index.php\/la-mediation-animale\/#breadcrumb"},"inLanguage":"en-US","potentialAction":[{"@type":"ReadAction","target":["https:\/\/pause-paysanne.com\/index.php\/la-mediation-animale\/"]}]},{"@type":"ImageObject","inLanguage":"en-US","@id":"https:\/\/pause-paysanne.com\/index.php\/la-mediation-animale\/#primaryimage","url":"http:\/\/pause-paysanne.com\/wp-content\/uploads\/2025\/10\/mediation-1-768x1024.jpeg","contentUrl":"http:\/\/pause-paysanne.com\/wp-content\/uploads\/2025\/10\/mediation-1-768x1024.jpeg"},{"@type":"BreadcrumbList","@id":"https:\/\/pause-paysanne.com\/index.php\/la-mediation-animale\/#breadcrumb","itemListElement":[{"@type":"ListItem","position":1,"name":"Home","item":"https:\/\/pause-paysanne.com\/"},{"@type":"ListItem","position":2,"name":"La m\u00e9diation animale"}]},{"@type":"WebSite","@id":"https:\/\/pause-paysanne.com\/#website","url":"https:\/\/pause-paysanne.com\/","name":"pause paysanne","description":"","publisher":{"@id":"https:\/\/pause-paysanne.com\/#organization"},"potentialAction":[{"@type":"SearchAction","target":{"@type":"EntryPoint","urlTemplate":"https:\/\/pause-paysanne.com\/?s={search_term_string}"},"query-input":{"@type":"PropertyValueSpecification","valueRequired":true,"valueName":"search_term_string"}}],"inLanguage":"en-US"},{"@type":"Organization","@id":"https:\/\/pause-paysanne.com\/#organization","name":"pause paysanne","url":"https:\/\/pause-paysanne.com\/","logo":{"@type":"ImageObject","inLanguage":"en-US","@id":"https:\/\/pause-paysanne.com\/#\/schema\/logo\/image\/","url":"https:\/\/pause-paysanne.com\/wp-content\/uploads\/2025\/09\/cropped-accueil-pause-paysanne_03.png","contentUrl":"https:\/\/pause-paysanne.com\/wp-content\/uploads\/2025\/09\/cropped-accueil-pause-paysanne_03.png","width":575,"height":155,"caption":"pause paysanne"},"image":{"@id":"https:\/\/pause-paysanne.com\/#\/schema\/logo\/image\/"}}]}},"_links":{"self":[{"href":"https:\/\/pause-paysanne.com\/index.php\/wp-json\/wp\/v2\/pages\/173","targetHints":{"allow":["GET"]}}],"collection":[{"href":"https:\/\/pause-paysanne.com\/index.php\/wp-json\/wp\/v2\/pages"}],"about":[{"href":"https:\/\/pause-paysanne.com\/index.php\/wp-json\/wp\/v2\/types\/page"}],"author":[{"embeddable":true,"href":"https:\/\/pause-paysanne.com\/index.php\/wp-json\/wp\/v2\/users\/1"}],"replies":[{"embeddable":true,"href":"https:\/\/pause-paysanne.com\/index.php\/wp-json\/wp\/v2\/comments?post=173"}],"version-history":[{"count":13,"href":"https:\/\/pause-paysanne.com\/index.php\/wp-json\/wp\/v2\/pages\/173\/revisions"}],"predecessor-version":[{"id":699,"href":"https:\/\/pause-paysanne.com\/index.php\/wp-json\/wp\/v2\/pages\/173\/revisions\/699"}],"wp:attachment":[{"href":"https:\/\/pause-paysanne.com\/index.php\/wp-json\/wp\/v2\/media?parent=173"}],"curies":[{"name":"wp","href":"https:\/\/api.w.org\/{rel}","templated":true}]}}