{"id":191,"date":"2025-10-12T10:17:31","date_gmt":"2025-10-12T10:17:31","guid":{"rendered":"https:\/\/pause-paysanne.com\/?page_id=191"},"modified":"2026-01-25T15:09:31","modified_gmt":"2026-01-25T15:09:31","slug":"sejours-famille","status":"publish","type":"page","link":"https:\/\/pause-paysanne.com\/index.php\/sejours-famille\/","title":{"rendered":"S\u00e9jours de coh\u00e9sion (page en cours de construction)"},"content":{"rendered":"<div style=\"margin-top: -350px;\"><img loading=\"lazy\" decoding=\"async\" width=\"1024\" height=\"683\" class=\"wp-image-239 aligncenter\" style=\"max-width: 600px; height: auto; margin-bottom: 30px;\" src=\"https:\/\/pause-paysanne.com\/wp-content\/uploads\/2025\/10\/gite-1-8-1024x683.jpeg\" alt=\"\" srcset=\"https:\/\/pause-paysanne.com\/wp-content\/uploads\/2025\/10\/gite-1-8-1024x683.jpeg 1024w, https:\/\/pause-paysanne.com\/wp-content\/uploads\/2025\/10\/gite-1-8-300x200.jpeg 300w, https:\/\/pause-paysanne.com\/wp-content\/uploads\/2025\/10\/gite-1-8-768x512.jpeg 768w, https:\/\/pause-paysanne.com\/wp-content\/uploads\/2025\/10\/gite-1-8-1536x1024.jpeg 1536w, https:\/\/pause-paysanne.com\/wp-content\/uploads\/2025\/10\/gite-1-8-2048x1365.jpeg 2048w\" sizes=\"auto, (max-width: 1024px) 100vw, 1024px\" \/>\n<p style=\"text-align: center;\"><\/p>\n<p>L\u2019h\u00e9bergement est pens\u00e9 pour votre confort et votre bien \u00eatre.<\/p>\n\n<p><img loading=\"lazy\" decoding=\"async\" width=\"2560\" height=\"1707\" class=\"wp-image-237 aligncenter\" style=\"max-width: 600px; height: auto; margin-top: 30px;\" src=\"https:\/\/pause-paysanne.com\/wp-content\/uploads\/2025\/10\/gite-1-3-scaled.jpeg\" alt=\"\" srcset=\"https:\/\/pause-paysanne.com\/wp-content\/uploads\/2025\/10\/gite-1-3-scaled.jpeg 2560w, https:\/\/pause-paysanne.com\/wp-content\/uploads\/2025\/10\/gite-1-3-300x200.jpeg 300w, https:\/\/pause-paysanne.com\/wp-content\/uploads\/2025\/10\/gite-1-3-1024x683.jpeg 1024w, https:\/\/pause-paysanne.com\/wp-content\/uploads\/2025\/10\/gite-1-3-768x512.jpeg 768w, https:\/\/pause-paysanne.com\/wp-content\/uploads\/2025\/10\/gite-1-3-1536x1024.jpeg 1536w, https:\/\/pause-paysanne.com\/wp-content\/uploads\/2025\/10\/gite-1-3-2048x1365.jpeg 2048w\" sizes=\"auto, (max-width: 2560px) 100vw, 2560px\" \/><\/p>\n<\/div>\n\n\n<h1 style=\"text-align: center; padding-top: 70px; margin-bottom: 40px;\">Vous souhaitez nous contacter?<\/h1>\n<h3 style=\"text-align: center;  margin-bottom: 40px;\">Par t\u00e9l\u00e9phone<\/h3>\n\n<div style=\"text-align: center; \";><img decoding=\"async\" src=\"https:\/\/pause-paysanne.com\/wp-content\/uploads\/2026\/01\/telephone_03.png\" alt=\"\" style=\"max-width: 400px;\"\/><\/div>\n<h3 style=\"text-align: center; padding-top: 70px; margin-bottom: 40px;\">Par message<\/h3>\n\n\n<div class=\"wpcf7 no-js\" id=\"wpcf7-f682-o1\" lang=\"en-US\" dir=\"ltr\" data-wpcf7-id=\"682\">\n<div class=\"screen-reader-response\"><p role=\"status\" aria-live=\"polite\" aria-atomic=\"true\"><\/p> <ul><\/ul><\/div>\n<form action=\"\/index.php\/wp-json\/wp\/v2\/pages\/191#wpcf7-f682-o1\" method=\"post\" class=\"wpcf7-form init\" aria-label=\"Contact form\" novalidate=\"novalidate\" data-status=\"init\">\n<fieldset class=\"hidden-fields-container\"><input type=\"hidden\" name=\"_wpcf7\" value=\"682\" \/><input type=\"hidden\" name=\"_wpcf7_version\" value=\"6.1.4\" \/><input type=\"hidden\" name=\"_wpcf7_locale\" value=\"en_US\" \/><input type=\"hidden\" name=\"_wpcf7_unit_tag\" value=\"wpcf7-f682-o1\" \/><input type=\"hidden\" name=\"_wpcf7_container_post\" value=\"0\" \/><input type=\"hidden\" name=\"_wpcf7_posted_data_hash\" value=\"\" \/><input type=\"hidden\" name=\"_wpcf7_recaptcha_response\" value=\"\" \/>\n<\/fieldset>\n<div style=\"text-align : center; \">\n\t<p><label > Nom<br \/>\n<\/label>\n\t<\/p>\n\t<div>\n\t\t<p><span class=\"wpcf7-form-control-wrap\" data-name=\"text-159\"><input size=\"40\" maxlength=\"400\" class=\"wpcf7-form-control wpcf7-text formulaire\" aria-invalid=\"false\" value=\"\" type=\"text\" name=\"text-159\" \/><\/span>\n\t\t<\/p>\n\t<\/div>\n\t<p><label> Courriel<br \/>\n<\/label>\n\t<\/p>\n\t<div>\n\t\t<p><span class=\"wpcf7-form-control-wrap\" data-name=\"your-email\"><input size=\"40\" maxlength=\"400\" class=\"wpcf7-form-control wpcf7-email wpcf7-validates-as-required wpcf7-text wpcf7-validates-as-email\" autocomplete=\"email\" aria-required=\"true\" aria-invalid=\"false\" value=\"\" type=\"email\" name=\"your-email\" \/><\/span>\n\t\t<\/p>\n\t<\/div>\n\t<p><label> T\u00e9l\u00e9phone<br \/>\n<\/label>\n\t<\/p>\n\t<div>\n\t\t<p><span class=\"wpcf7-form-control-wrap\" data-name=\"tel-512\"><input size=\"40\" maxlength=\"400\" class=\"wpcf7-form-control wpcf7-tel wpcf7-text wpcf7-validates-as-tel\" aria-invalid=\"false\" value=\"\" type=\"tel\" name=\"tel-512\" \/><\/span>\n\t\t<\/p>\n\t<\/div>\n\t<p><label> Votre message <br \/>\n<\/label>\n\t<\/p>\n\t<div>\n\t\t<p><span class=\"wpcf7-form-control-wrap\" data-name=\"your-message\"><textarea cols=\"40\" rows=\"10\" maxlength=\"2000\" class=\"wpcf7-form-control wpcf7-textarea wpcf7-validates-as-required\" aria-required=\"true\" aria-invalid=\"false\" name=\"your-message\"><\/textarea><\/span>\n\t\t<\/p>\n\t<\/div>\n\t<p><input class=\"wpcf7-form-control wpcf7-submit has-spinner\" type=\"submit\" value=\"Soumettre\" \/>\n\t<\/p>\n<\/div>\n<p class='keraca'><span class=\"wpcf7-form-control-wrap\" data-name=\"keraca\"><input size=\"40\" maxlength=\"400\" class=\"wpcf7-form-control wpcf7-text\" aria-invalid=\"false\" value=\"\" type=\"text\" name=\"keraca\" \/><\/span>\n<\/p>\n<p class='nefece'><span class=\"wpcf7-form-control-wrap\" data-name=\"nefece\"><input size=\"40\" maxlength=\"400\" class=\"wpcf7-form-control wpcf7-text\" aria-invalid=\"false\" value=\"\" type=\"text\" name=\"nefece\" \/><\/span>\n<\/p>\n<p class='yapuso'><span class=\"wpcf7-form-control-wrap\" data-name=\"yapuso\"><input size=\"40\" maxlength=\"400\" class=\"wpcf7-form-control wpcf7-text\" aria-invalid=\"false\" value=\"\" type=\"text\" name=\"yapuso\" \/><\/span>\n<\/p><input type=\"hidden\" id=\"ct_checkjs_cf7_647bba344396e7c8170902bcf2e15551\" name=\"ct_checkjs_cf7\" value=\"0\" \/><script >setTimeout(function(){var ct_input_name = \"ct_checkjs_cf7_647bba344396e7c8170902bcf2e15551\";if (document.getElementById(ct_input_name) !== null) {var ct_input_value = document.getElementById(ct_input_name).value;document.getElementById(ct_input_name).value = document.getElementById(ct_input_name).value.replace(ct_input_value, '1566619180');}}, 1000);<\/script><input\n                    class=\"apbct_special_field apbct_email_id__wp_contact_form_7\"\n                    name=\"apbct__email_id__wp_contact_form_7\"\n                    aria-label=\"apbct__label_id__wp_contact_form_7\"\n                    type=\"text\" size=\"30\" maxlength=\"200\" autocomplete=\"off\"\n                    value=\"\"\n                \/><div class=\"wpcf7-response-output\" aria-hidden=\"true\"><\/div>\n<\/form>\n<\/div>\n\n\n<\/div>","protected":false},"excerpt":{"rendered":"<p>L\u2019h\u00e9bergement est pens\u00e9 pour votre confort et votre bien \u00eatre. Vous souhaitez nous contacter? Par t\u00e9l\u00e9phone Par message<\/p>\n","protected":false},"author":1,"featured_media":0,"parent":0,"menu_order":0,"comment_status":"closed","ping_status":"closed","template":"","meta":{"footnotes":""},"class_list":["post-191","page","type-page","status-publish","hentry"],"yoast_head":"<!-- This site is optimized with the Yoast SEO plugin v26.9 - https:\/\/yoast.com\/product\/yoast-seo-wordpress\/ -->\n<title>S\u00e9jours de coh\u00e9sion (page en cours de construction) - pause paysanne<\/title>\n<meta name=\"robots\" content=\"index, follow, max-snippet:-1, max-image-preview:large, max-video-preview:-1\" \/>\n<link rel=\"canonical\" href=\"https:\/\/pause-paysanne.com\/index.php\/sejours-famille\/\" \/>\n<meta property=\"og:locale\" content=\"en_US\" \/>\n<meta property=\"og:type\" content=\"article\" \/>\n<meta property=\"og:title\" content=\"S\u00e9jours de coh\u00e9sion (page en cours de construction) - pause paysanne\" \/>\n<meta property=\"og:description\" content=\"L\u2019h\u00e9bergement est pens\u00e9 pour votre confort et votre bien \u00eatre. Vous souhaitez nous contacter? Par t\u00e9l\u00e9phone Par message\" \/>\n<meta property=\"og:url\" content=\"https:\/\/pause-paysanne.com\/index.php\/sejours-famille\/\" \/>\n<meta property=\"og:site_name\" content=\"pause paysanne\" \/>\n<meta property=\"article:modified_time\" content=\"2026-01-25T15:09:31+00:00\" \/>\n<meta property=\"og:image\" content=\"https:\/\/pause-paysanne.com\/wp-content\/uploads\/2025\/10\/gite-1-8-scaled.jpeg\" \/>\n\t<meta property=\"og:image:width\" content=\"2560\" \/>\n\t<meta property=\"og:image:height\" content=\"1707\" \/>\n\t<meta property=\"og:image:type\" content=\"image\/jpeg\" \/>\n<meta name=\"twitter:card\" content=\"summary_large_image\" \/>\n<script type=\"application\/ld+json\" class=\"yoast-schema-graph\">{\"@context\":\"https:\/\/schema.org\",\"@graph\":[{\"@type\":\"WebPage\",\"@id\":\"https:\/\/pause-paysanne.com\/index.php\/sejours-famille\/\",\"url\":\"https:\/\/pause-paysanne.com\/index.php\/sejours-famille\/\",\"name\":\"S\u00e9jours de coh\u00e9sion (page en cours de construction) - pause paysanne\",\"isPartOf\":{\"@id\":\"https:\/\/pause-paysanne.com\/#website\"},\"primaryImageOfPage\":{\"@id\":\"https:\/\/pause-paysanne.com\/index.php\/sejours-famille\/#primaryimage\"},\"image\":{\"@id\":\"https:\/\/pause-paysanne.com\/index.php\/sejours-famille\/#primaryimage\"},\"thumbnailUrl\":\"https:\/\/pause-paysanne.com\/wp-content\/uploads\/2025\/10\/gite-1-8-1024x683.jpeg\",\"datePublished\":\"2025-10-12T10:17:31+00:00\",\"dateModified\":\"2026-01-25T15:09:31+00:00\",\"breadcrumb\":{\"@id\":\"https:\/\/pause-paysanne.com\/index.php\/sejours-famille\/#breadcrumb\"},\"inLanguage\":\"en-US\",\"potentialAction\":[{\"@type\":\"ReadAction\",\"target\":[\"https:\/\/pause-paysanne.com\/index.php\/sejours-famille\/\"]}]},{\"@type\":\"ImageObject\",\"inLanguage\":\"en-US\",\"@id\":\"https:\/\/pause-paysanne.com\/index.php\/sejours-famille\/#primaryimage\",\"url\":\"https:\/\/pause-paysanne.com\/wp-content\/uploads\/2025\/10\/gite-1-8-scaled.jpeg\",\"contentUrl\":\"https:\/\/pause-paysanne.com\/wp-content\/uploads\/2025\/10\/gite-1-8-scaled.jpeg\",\"width\":2560,\"height\":1707},{\"@type\":\"BreadcrumbList\",\"@id\":\"https:\/\/pause-paysanne.com\/index.php\/sejours-famille\/#breadcrumb\",\"itemListElement\":[{\"@type\":\"ListItem\",\"position\":1,\"name\":\"Home\",\"item\":\"https:\/\/pause-paysanne.com\/\"},{\"@type\":\"ListItem\",\"position\":2,\"name\":\"S\u00e9jours de coh\u00e9sion (page en cours de construction)\"}]},{\"@type\":\"WebSite\",\"@id\":\"https:\/\/pause-paysanne.com\/#website\",\"url\":\"https:\/\/pause-paysanne.com\/\",\"name\":\"pause paysanne\",\"description\":\"\",\"publisher\":{\"@id\":\"https:\/\/pause-paysanne.com\/#organization\"},\"potentialAction\":[{\"@type\":\"SearchAction\",\"target\":{\"@type\":\"EntryPoint\",\"urlTemplate\":\"https:\/\/pause-paysanne.com\/?s={search_term_string}\"},\"query-input\":{\"@type\":\"PropertyValueSpecification\",\"valueRequired\":true,\"valueName\":\"search_term_string\"}}],\"inLanguage\":\"en-US\"},{\"@type\":\"Organization\",\"@id\":\"https:\/\/pause-paysanne.com\/#organization\",\"name\":\"pause paysanne\",\"url\":\"https:\/\/pause-paysanne.com\/\",\"logo\":{\"@type\":\"ImageObject\",\"inLanguage\":\"en-US\",\"@id\":\"https:\/\/pause-paysanne.com\/#\/schema\/logo\/image\/\",\"url\":\"https:\/\/pause-paysanne.com\/wp-content\/uploads\/2025\/09\/cropped-accueil-pause-paysanne_03.png\",\"contentUrl\":\"https:\/\/pause-paysanne.com\/wp-content\/uploads\/2025\/09\/cropped-accueil-pause-paysanne_03.png\",\"width\":575,\"height\":155,\"caption\":\"pause paysanne\"},\"image\":{\"@id\":\"https:\/\/pause-paysanne.com\/#\/schema\/logo\/image\/\"}}]}<\/script>\n<!-- \/ Yoast SEO plugin. -->","yoast_head_json":{"title":"S\u00e9jours de coh\u00e9sion (page en cours de construction) - pause paysanne","robots":{"index":"index","follow":"follow","max-snippet":"max-snippet:-1","max-image-preview":"max-image-preview:large","max-video-preview":"max-video-preview:-1"},"canonical":"https:\/\/pause-paysanne.com\/index.php\/sejours-famille\/","og_locale":"en_US","og_type":"article","og_title":"S\u00e9jours de coh\u00e9sion (page en cours de construction) - pause paysanne","og_description":"L\u2019h\u00e9bergement est pens\u00e9 pour votre confort et votre bien \u00eatre. Vous souhaitez nous contacter? Par t\u00e9l\u00e9phone Par message","og_url":"https:\/\/pause-paysanne.com\/index.php\/sejours-famille\/","og_site_name":"pause paysanne","article_modified_time":"2026-01-25T15:09:31+00:00","og_image":[{"width":2560,"height":1707,"url":"https:\/\/pause-paysanne.com\/wp-content\/uploads\/2025\/10\/gite-1-8-scaled.jpeg","type":"image\/jpeg"}],"twitter_card":"summary_large_image","schema":{"@context":"https:\/\/schema.org","@graph":[{"@type":"WebPage","@id":"https:\/\/pause-paysanne.com\/index.php\/sejours-famille\/","url":"https:\/\/pause-paysanne.com\/index.php\/sejours-famille\/","name":"S\u00e9jours de coh\u00e9sion (page en cours de construction) - pause paysanne","isPartOf":{"@id":"https:\/\/pause-paysanne.com\/#website"},"primaryImageOfPage":{"@id":"https:\/\/pause-paysanne.com\/index.php\/sejours-famille\/#primaryimage"},"image":{"@id":"https:\/\/pause-paysanne.com\/index.php\/sejours-famille\/#primaryimage"},"thumbnailUrl":"https:\/\/pause-paysanne.com\/wp-content\/uploads\/2025\/10\/gite-1-8-1024x683.jpeg","datePublished":"2025-10-12T10:17:31+00:00","dateModified":"2026-01-25T15:09:31+00:00","breadcrumb":{"@id":"https:\/\/pause-paysanne.com\/index.php\/sejours-famille\/#breadcrumb"},"inLanguage":"en-US","potentialAction":[{"@type":"ReadAction","target":["https:\/\/pause-paysanne.com\/index.php\/sejours-famille\/"]}]},{"@type":"ImageObject","inLanguage":"en-US","@id":"https:\/\/pause-paysanne.com\/index.php\/sejours-famille\/#primaryimage","url":"https:\/\/pause-paysanne.com\/wp-content\/uploads\/2025\/10\/gite-1-8-scaled.jpeg","contentUrl":"https:\/\/pause-paysanne.com\/wp-content\/uploads\/2025\/10\/gite-1-8-scaled.jpeg","width":2560,"height":1707},{"@type":"BreadcrumbList","@id":"https:\/\/pause-paysanne.com\/index.php\/sejours-famille\/#breadcrumb","itemListElement":[{"@type":"ListItem","position":1,"name":"Home","item":"https:\/\/pause-paysanne.com\/"},{"@type":"ListItem","position":2,"name":"S\u00e9jours de coh\u00e9sion (page en cours de construction)"}]},{"@type":"WebSite","@id":"https:\/\/pause-paysanne.com\/#website","url":"https:\/\/pause-paysanne.com\/","name":"pause paysanne","description":"","publisher":{"@id":"https:\/\/pause-paysanne.com\/#organization"},"potentialAction":[{"@type":"SearchAction","target":{"@type":"EntryPoint","urlTemplate":"https:\/\/pause-paysanne.com\/?s={search_term_string}"},"query-input":{"@type":"PropertyValueSpecification","valueRequired":true,"valueName":"search_term_string"}}],"inLanguage":"en-US"},{"@type":"Organization","@id":"https:\/\/pause-paysanne.com\/#organization","name":"pause paysanne","url":"https:\/\/pause-paysanne.com\/","logo":{"@type":"ImageObject","inLanguage":"en-US","@id":"https:\/\/pause-paysanne.com\/#\/schema\/logo\/image\/","url":"https:\/\/pause-paysanne.com\/wp-content\/uploads\/2025\/09\/cropped-accueil-pause-paysanne_03.png","contentUrl":"https:\/\/pause-paysanne.com\/wp-content\/uploads\/2025\/09\/cropped-accueil-pause-paysanne_03.png","width":575,"height":155,"caption":"pause paysanne"},"image":{"@id":"https:\/\/pause-paysanne.com\/#\/schema\/logo\/image\/"}}]}},"_links":{"self":[{"href":"https:\/\/pause-paysanne.com\/index.php\/wp-json\/wp\/v2\/pages\/191","targetHints":{"allow":["GET"]}}],"collection":[{"href":"https:\/\/pause-paysanne.com\/index.php\/wp-json\/wp\/v2\/pages"}],"about":[{"href":"https:\/\/pause-paysanne.com\/index.php\/wp-json\/wp\/v2\/types\/page"}],"author":[{"embeddable":true,"href":"https:\/\/pause-paysanne.com\/index.php\/wp-json\/wp\/v2\/users\/1"}],"replies":[{"embeddable":true,"href":"https:\/\/pause-paysanne.com\/index.php\/wp-json\/wp\/v2\/comments?post=191"}],"version-history":[{"count":13,"href":"https:\/\/pause-paysanne.com\/index.php\/wp-json\/wp\/v2\/pages\/191\/revisions"}],"predecessor-version":[{"id":705,"href":"https:\/\/pause-paysanne.com\/index.php\/wp-json\/wp\/v2\/pages\/191\/revisions\/705"}],"wp:attachment":[{"href":"https:\/\/pause-paysanne.com\/index.php\/wp-json\/wp\/v2\/media?parent=191"}],"curies":[{"name":"wp","href":"https:\/\/api.w.org\/{rel}","templated":true}]}}