{"id":194,"date":"2025-10-12T10:18:42","date_gmt":"2025-10-12T10:18:42","guid":{"rendered":"https:\/\/pause-paysanne.com\/?page_id=194"},"modified":"2026-02-07T15:33:37","modified_gmt":"2026-02-07T15:33:37","slug":"sejours-adaptes-adultes","status":"publish","type":"page","link":"https:\/\/pause-paysanne.com\/index.php\/sejours-adaptes-adultes\/","title":{"rendered":"S\u00e9jours adapt\u00e9s adultes"},"content":{"rendered":"<div style=\"margin-top: -350px;\">\n<p><span style=\" font-size:18px; font-weight: bold;\">Et\u00e9 2026<\/span> : Vacances \u00e0 la ferme du 6 au 10 juillet 2026 (5 jours\/4 nuits)<\/p>\n<div><p>Groupe&nbsp;: 3 personnes<\/p>\n\n<p>Prix du s\u00e9jour : 275\u20ac TTC par jour et par personne soit 1375\u20ac<\/p>\n\n<p>Bonne autonomie&nbsp;: autonome dans ses d\u00e9placements, accompagnement oral pour les activit\u00e9s de la vie quotidienne.<\/p>\n<p>Arriv\u00e9e souhait\u00e9e \u00e0 10 heures (possibilit\u00e9 de transport dans un rayon de 30 km autour du lieu de s\u00e9jour ou depuis la gare SNCF de ROUEN).<\/p>\n\n\n\n<p>Encadrement&nbsp;: 2 professionnels<\/p>\n\n\n\n<p>Le s\u00e9jour comprend&nbsp;:<\/p>\n\n\n\n<ul class=\"wp-block-list\">\n<li>Un accompagnement qualifi\u00e9,<\/li>\n\n\n\n<li>Transport pendant la dur\u00e9e du s\u00e9jour,<\/li>\n\n\n\n<li>Pension compl\u00e8te,<\/li>\n\n\n\n<li>H\u00e9bergement adapt\u00e9,<\/li>\n\n\n\n<li>Visites excursions,<\/li>\n\n\n\n<li>Ateliers<\/li>\n\n\n\n<li>\u2026.<\/li>\n<\/ul>\n\n\n\n<p>Pour cl\u00f4turer nos s\u00e9jours nous proposons un <strong>Diner Cal\u00e8che<\/strong>&nbsp;: il s\u2019agit d\u2019un ap\u00e9ritif dinatoire compos\u00e9 de produits du terroir que nous d\u00e9gustons ensemble au rythme doux du pas de nos chevaux de trait.<\/p>\n\n\n\n<p>Le s\u00e9jour ne comprend pas les prestations non mentionn\u00e9es et les d\u00e9penses \u00e0 caract\u00e8re personnel.<\/p><\/div><\/br>\n<h1 style=\"text-align: center;\">\nProposition de programme\n<\/h1>\n   <img decoding=\"async\" src=\"https:\/\/pause-paysanne.com\/wp-content\/uploads\/2026\/01\/semainier-pausepaysanne_03.jpg\">\n\n\n\n<h1 style=\"text-align: center; padding-top: 70px; margin-bottom: 40px;\">Vous souhaitez nous contacter?<\/h1>\n<h3 style=\"text-align: center;  margin-bottom: 40px;\">Par t\u00e9l\u00e9phone<\/h3>\n\n<div style=\"text-align: center; \";><img decoding=\"async\" src=\"https:\/\/pause-paysanne.com\/wp-content\/uploads\/2026\/01\/telephone_03.png\" alt=\"\" style=\"max-width: 400px;\"\/><\/div>\n<h3 style=\"text-align: center; padding-top: 70px; margin-bottom: 40px;\">Par message<\/h3>\n\n\n<div class=\"wpcf7 no-js\" id=\"wpcf7-f682-o1\" lang=\"en-US\" dir=\"ltr\" data-wpcf7-id=\"682\">\n<div class=\"screen-reader-response\"><p role=\"status\" aria-live=\"polite\" aria-atomic=\"true\"><\/p> <ul><\/ul><\/div>\n<form action=\"\/index.php\/wp-json\/wp\/v2\/pages\/194#wpcf7-f682-o1\" method=\"post\" class=\"wpcf7-form init\" aria-label=\"Contact form\" novalidate=\"novalidate\" data-status=\"init\">\n<fieldset class=\"hidden-fields-container\"><input type=\"hidden\" name=\"_wpcf7\" value=\"682\" \/><input type=\"hidden\" name=\"_wpcf7_version\" value=\"6.1.4\" \/><input type=\"hidden\" name=\"_wpcf7_locale\" value=\"en_US\" \/><input type=\"hidden\" name=\"_wpcf7_unit_tag\" value=\"wpcf7-f682-o1\" \/><input type=\"hidden\" name=\"_wpcf7_container_post\" value=\"0\" \/><input type=\"hidden\" name=\"_wpcf7_posted_data_hash\" value=\"\" \/><input type=\"hidden\" name=\"_wpcf7_recaptcha_response\" value=\"\" \/>\n<\/fieldset>\n<div style=\"text-align : center; \">\n\t<p><label > Nom<br \/>\n<\/label>\n\t<\/p>\n\t<div>\n\t\t<p><span class=\"wpcf7-form-control-wrap\" data-name=\"text-159\"><input size=\"40\" maxlength=\"400\" class=\"wpcf7-form-control wpcf7-text formulaire\" aria-invalid=\"false\" value=\"\" type=\"text\" name=\"text-159\" \/><\/span>\n\t\t<\/p>\n\t<\/div>\n\t<p><label> Courriel<br \/>\n<\/label>\n\t<\/p>\n\t<div>\n\t\t<p><span class=\"wpcf7-form-control-wrap\" data-name=\"your-email\"><input size=\"40\" maxlength=\"400\" class=\"wpcf7-form-control wpcf7-email wpcf7-validates-as-required wpcf7-text wpcf7-validates-as-email\" autocomplete=\"email\" aria-required=\"true\" aria-invalid=\"false\" value=\"\" type=\"email\" name=\"your-email\" \/><\/span>\n\t\t<\/p>\n\t<\/div>\n\t<p><label> T\u00e9l\u00e9phone<br \/>\n<\/label>\n\t<\/p>\n\t<div>\n\t\t<p><span class=\"wpcf7-form-control-wrap\" data-name=\"tel-512\"><input size=\"40\" maxlength=\"400\" class=\"wpcf7-form-control wpcf7-tel wpcf7-text wpcf7-validates-as-tel\" aria-invalid=\"false\" value=\"\" type=\"tel\" name=\"tel-512\" \/><\/span>\n\t\t<\/p>\n\t<\/div>\n\t<p><label> Votre message <br \/>\n<\/label>\n\t<\/p>\n\t<div>\n\t\t<p><span class=\"wpcf7-form-control-wrap\" data-name=\"your-message\"><textarea cols=\"40\" rows=\"10\" maxlength=\"2000\" class=\"wpcf7-form-control wpcf7-textarea wpcf7-validates-as-required\" aria-required=\"true\" aria-invalid=\"false\" name=\"your-message\"><\/textarea><\/span>\n\t\t<\/p>\n\t<\/div>\n\t<p><input class=\"wpcf7-form-control wpcf7-submit has-spinner\" type=\"submit\" value=\"Soumettre\" \/>\n\t<\/p>\n<\/div>\n<p class='keraca'><span class=\"wpcf7-form-control-wrap\" data-name=\"keraca\"><input size=\"40\" maxlength=\"400\" class=\"wpcf7-form-control wpcf7-text\" aria-invalid=\"false\" value=\"\" type=\"text\" name=\"keraca\" \/><\/span>\n<\/p>\n<p class='nefece'><span class=\"wpcf7-form-control-wrap\" data-name=\"nefece\"><input size=\"40\" maxlength=\"400\" class=\"wpcf7-form-control wpcf7-text\" aria-invalid=\"false\" value=\"\" type=\"text\" name=\"nefece\" \/><\/span>\n<\/p>\n<p class='yapuso'><span class=\"wpcf7-form-control-wrap\" data-name=\"yapuso\"><input size=\"40\" maxlength=\"400\" class=\"wpcf7-form-control wpcf7-text\" aria-invalid=\"false\" value=\"\" type=\"text\" name=\"yapuso\" \/><\/span>\n<\/p><input type=\"hidden\" id=\"ct_checkjs_cf7_2291d2ec3b3048d1a6f86c2c4591b7e0\" name=\"ct_checkjs_cf7\" value=\"0\" \/><script >setTimeout(function(){var ct_input_name = \"ct_checkjs_cf7_2291d2ec3b3048d1a6f86c2c4591b7e0\";if (document.getElementById(ct_input_name) !== null) {var ct_input_value = document.getElementById(ct_input_name).value;document.getElementById(ct_input_name).value = document.getElementById(ct_input_name).value.replace(ct_input_value, '1566619180');}}, 1000);<\/script><input\n                    class=\"apbct_special_field apbct_email_id__wp_contact_form_7\"\n                    name=\"apbct__email_id__wp_contact_form_7\"\n                    aria-label=\"apbct__label_id__wp_contact_form_7\"\n                    type=\"text\" size=\"30\" maxlength=\"200\" autocomplete=\"off\"\n                    value=\"\"\n                \/><div class=\"wpcf7-response-output\" aria-hidden=\"true\"><\/div>\n<\/form>\n<\/div>\n\n<\/div>","protected":false},"excerpt":{"rendered":"<p>Et\u00e9 2026 : Vacances \u00e0 la ferme du 6 au 10 juillet 2026 (5 jours\/4 nuits) Groupe&nbsp;: 3 personnes Prix&#8230;<\/p>\n","protected":false},"author":1,"featured_media":0,"parent":0,"menu_order":0,"comment_status":"closed","ping_status":"closed","template":"","meta":{"footnotes":""},"class_list":["post-194","page","type-page","status-publish","hentry"],"yoast_head":"<!-- This site is optimized with the Yoast SEO plugin v26.9 - https:\/\/yoast.com\/product\/yoast-seo-wordpress\/ -->\n<title>S\u00e9jours adapt\u00e9s adultes - pause paysanne<\/title>\n<meta name=\"robots\" content=\"index, follow, max-snippet:-1, max-image-preview:large, max-video-preview:-1\" \/>\n<link rel=\"canonical\" href=\"https:\/\/pause-paysanne.com\/index.php\/sejours-adaptes-adultes\/\" \/>\n<meta property=\"og:locale\" content=\"en_US\" \/>\n<meta property=\"og:type\" content=\"article\" \/>\n<meta property=\"og:title\" content=\"S\u00e9jours adapt\u00e9s adultes - pause paysanne\" \/>\n<meta property=\"og:description\" content=\"Et\u00e9 2026 : Vacances \u00e0 la ferme du 6 au 10 juillet 2026 (5 jours\/4 nuits) Groupe&nbsp;: 3 personnes Prix...\" \/>\n<meta property=\"og:url\" content=\"https:\/\/pause-paysanne.com\/index.php\/sejours-adaptes-adultes\/\" \/>\n<meta property=\"og:site_name\" content=\"pause paysanne\" \/>\n<meta property=\"article:modified_time\" content=\"2026-02-07T15:33:37+00:00\" \/>\n<meta property=\"og:image\" content=\"https:\/\/pause-paysanne.com\/wp-content\/uploads\/2026\/01\/semainier-pausepaysanne_03.jpg\" \/>\n<meta name=\"twitter:card\" content=\"summary_large_image\" \/>\n<meta name=\"twitter:label1\" content=\"Est. reading time\" \/>\n\t<meta name=\"twitter:data1\" content=\"2 minutes\" \/>\n<script type=\"application\/ld+json\" class=\"yoast-schema-graph\">{\"@context\":\"https:\/\/schema.org\",\"@graph\":[{\"@type\":\"WebPage\",\"@id\":\"https:\/\/pause-paysanne.com\/index.php\/sejours-adaptes-adultes\/\",\"url\":\"https:\/\/pause-paysanne.com\/index.php\/sejours-adaptes-adultes\/\",\"name\":\"S\u00e9jours adapt\u00e9s adultes - pause paysanne\",\"isPartOf\":{\"@id\":\"https:\/\/pause-paysanne.com\/#website\"},\"primaryImageOfPage\":{\"@id\":\"https:\/\/pause-paysanne.com\/index.php\/sejours-adaptes-adultes\/#primaryimage\"},\"image\":{\"@id\":\"https:\/\/pause-paysanne.com\/index.php\/sejours-adaptes-adultes\/#primaryimage\"},\"thumbnailUrl\":\"https:\/\/pause-paysanne.com\/wp-content\/uploads\/2026\/01\/semainier-pausepaysanne_03.jpg\",\"datePublished\":\"2025-10-12T10:18:42+00:00\",\"dateModified\":\"2026-02-07T15:33:37+00:00\",\"breadcrumb\":{\"@id\":\"https:\/\/pause-paysanne.com\/index.php\/sejours-adaptes-adultes\/#breadcrumb\"},\"inLanguage\":\"en-US\",\"potentialAction\":[{\"@type\":\"ReadAction\",\"target\":[\"https:\/\/pause-paysanne.com\/index.php\/sejours-adaptes-adultes\/\"]}]},{\"@type\":\"ImageObject\",\"inLanguage\":\"en-US\",\"@id\":\"https:\/\/pause-paysanne.com\/index.php\/sejours-adaptes-adultes\/#primaryimage\",\"url\":\"https:\/\/pause-paysanne.com\/wp-content\/uploads\/2026\/01\/semainier-pausepaysanne_03.jpg\",\"contentUrl\":\"https:\/\/pause-paysanne.com\/wp-content\/uploads\/2026\/01\/semainier-pausepaysanne_03.jpg\",\"width\":1438,\"height\":792},{\"@type\":\"BreadcrumbList\",\"@id\":\"https:\/\/pause-paysanne.com\/index.php\/sejours-adaptes-adultes\/#breadcrumb\",\"itemListElement\":[{\"@type\":\"ListItem\",\"position\":1,\"name\":\"Home\",\"item\":\"https:\/\/pause-paysanne.com\/\"},{\"@type\":\"ListItem\",\"position\":2,\"name\":\"S\u00e9jours adapt\u00e9s adultes\"}]},{\"@type\":\"WebSite\",\"@id\":\"https:\/\/pause-paysanne.com\/#website\",\"url\":\"https:\/\/pause-paysanne.com\/\",\"name\":\"pause paysanne\",\"description\":\"\",\"publisher\":{\"@id\":\"https:\/\/pause-paysanne.com\/#organization\"},\"potentialAction\":[{\"@type\":\"SearchAction\",\"target\":{\"@type\":\"EntryPoint\",\"urlTemplate\":\"https:\/\/pause-paysanne.com\/?s={search_term_string}\"},\"query-input\":{\"@type\":\"PropertyValueSpecification\",\"valueRequired\":true,\"valueName\":\"search_term_string\"}}],\"inLanguage\":\"en-US\"},{\"@type\":\"Organization\",\"@id\":\"https:\/\/pause-paysanne.com\/#organization\",\"name\":\"pause paysanne\",\"url\":\"https:\/\/pause-paysanne.com\/\",\"logo\":{\"@type\":\"ImageObject\",\"inLanguage\":\"en-US\",\"@id\":\"https:\/\/pause-paysanne.com\/#\/schema\/logo\/image\/\",\"url\":\"https:\/\/pause-paysanne.com\/wp-content\/uploads\/2025\/09\/cropped-accueil-pause-paysanne_03.png\",\"contentUrl\":\"https:\/\/pause-paysanne.com\/wp-content\/uploads\/2025\/09\/cropped-accueil-pause-paysanne_03.png\",\"width\":575,\"height\":155,\"caption\":\"pause paysanne\"},\"image\":{\"@id\":\"https:\/\/pause-paysanne.com\/#\/schema\/logo\/image\/\"}}]}<\/script>\n<!-- \/ Yoast SEO plugin. -->","yoast_head_json":{"title":"S\u00e9jours adapt\u00e9s adultes - pause paysanne","robots":{"index":"index","follow":"follow","max-snippet":"max-snippet:-1","max-image-preview":"max-image-preview:large","max-video-preview":"max-video-preview:-1"},"canonical":"https:\/\/pause-paysanne.com\/index.php\/sejours-adaptes-adultes\/","og_locale":"en_US","og_type":"article","og_title":"S\u00e9jours adapt\u00e9s adultes - pause paysanne","og_description":"Et\u00e9 2026 : Vacances \u00e0 la ferme du 6 au 10 juillet 2026 (5 jours\/4 nuits) Groupe&nbsp;: 3 personnes Prix...","og_url":"https:\/\/pause-paysanne.com\/index.php\/sejours-adaptes-adultes\/","og_site_name":"pause paysanne","article_modified_time":"2026-02-07T15:33:37+00:00","og_image":[{"url":"https:\/\/pause-paysanne.com\/wp-content\/uploads\/2026\/01\/semainier-pausepaysanne_03.jpg","type":"","width":"","height":""}],"twitter_card":"summary_large_image","twitter_misc":{"Est. reading time":"2 minutes"},"schema":{"@context":"https:\/\/schema.org","@graph":[{"@type":"WebPage","@id":"https:\/\/pause-paysanne.com\/index.php\/sejours-adaptes-adultes\/","url":"https:\/\/pause-paysanne.com\/index.php\/sejours-adaptes-adultes\/","name":"S\u00e9jours adapt\u00e9s adultes - pause paysanne","isPartOf":{"@id":"https:\/\/pause-paysanne.com\/#website"},"primaryImageOfPage":{"@id":"https:\/\/pause-paysanne.com\/index.php\/sejours-adaptes-adultes\/#primaryimage"},"image":{"@id":"https:\/\/pause-paysanne.com\/index.php\/sejours-adaptes-adultes\/#primaryimage"},"thumbnailUrl":"https:\/\/pause-paysanne.com\/wp-content\/uploads\/2026\/01\/semainier-pausepaysanne_03.jpg","datePublished":"2025-10-12T10:18:42+00:00","dateModified":"2026-02-07T15:33:37+00:00","breadcrumb":{"@id":"https:\/\/pause-paysanne.com\/index.php\/sejours-adaptes-adultes\/#breadcrumb"},"inLanguage":"en-US","potentialAction":[{"@type":"ReadAction","target":["https:\/\/pause-paysanne.com\/index.php\/sejours-adaptes-adultes\/"]}]},{"@type":"ImageObject","inLanguage":"en-US","@id":"https:\/\/pause-paysanne.com\/index.php\/sejours-adaptes-adultes\/#primaryimage","url":"https:\/\/pause-paysanne.com\/wp-content\/uploads\/2026\/01\/semainier-pausepaysanne_03.jpg","contentUrl":"https:\/\/pause-paysanne.com\/wp-content\/uploads\/2026\/01\/semainier-pausepaysanne_03.jpg","width":1438,"height":792},{"@type":"BreadcrumbList","@id":"https:\/\/pause-paysanne.com\/index.php\/sejours-adaptes-adultes\/#breadcrumb","itemListElement":[{"@type":"ListItem","position":1,"name":"Home","item":"https:\/\/pause-paysanne.com\/"},{"@type":"ListItem","position":2,"name":"S\u00e9jours adapt\u00e9s adultes"}]},{"@type":"WebSite","@id":"https:\/\/pause-paysanne.com\/#website","url":"https:\/\/pause-paysanne.com\/","name":"pause paysanne","description":"","publisher":{"@id":"https:\/\/pause-paysanne.com\/#organization"},"potentialAction":[{"@type":"SearchAction","target":{"@type":"EntryPoint","urlTemplate":"https:\/\/pause-paysanne.com\/?s={search_term_string}"},"query-input":{"@type":"PropertyValueSpecification","valueRequired":true,"valueName":"search_term_string"}}],"inLanguage":"en-US"},{"@type":"Organization","@id":"https:\/\/pause-paysanne.com\/#organization","name":"pause paysanne","url":"https:\/\/pause-paysanne.com\/","logo":{"@type":"ImageObject","inLanguage":"en-US","@id":"https:\/\/pause-paysanne.com\/#\/schema\/logo\/image\/","url":"https:\/\/pause-paysanne.com\/wp-content\/uploads\/2025\/09\/cropped-accueil-pause-paysanne_03.png","contentUrl":"https:\/\/pause-paysanne.com\/wp-content\/uploads\/2025\/09\/cropped-accueil-pause-paysanne_03.png","width":575,"height":155,"caption":"pause paysanne"},"image":{"@id":"https:\/\/pause-paysanne.com\/#\/schema\/logo\/image\/"}}]}},"_links":{"self":[{"href":"https:\/\/pause-paysanne.com\/index.php\/wp-json\/wp\/v2\/pages\/194","targetHints":{"allow":["GET"]}}],"collection":[{"href":"https:\/\/pause-paysanne.com\/index.php\/wp-json\/wp\/v2\/pages"}],"about":[{"href":"https:\/\/pause-paysanne.com\/index.php\/wp-json\/wp\/v2\/types\/page"}],"author":[{"embeddable":true,"href":"https:\/\/pause-paysanne.com\/index.php\/wp-json\/wp\/v2\/users\/1"}],"replies":[{"embeddable":true,"href":"https:\/\/pause-paysanne.com\/index.php\/wp-json\/wp\/v2\/comments?post=194"}],"version-history":[{"count":23,"href":"https:\/\/pause-paysanne.com\/index.php\/wp-json\/wp\/v2\/pages\/194\/revisions"}],"predecessor-version":[{"id":714,"href":"https:\/\/pause-paysanne.com\/index.php\/wp-json\/wp\/v2\/pages\/194\/revisions\/714"}],"wp:attachment":[{"href":"https:\/\/pause-paysanne.com\/index.php\/wp-json\/wp\/v2\/media?parent=194"}],"curies":[{"name":"wp","href":"https:\/\/api.w.org\/{rel}","templated":true}]}}