{"id":244,"date":"2025-10-30T17:07:42","date_gmt":"2025-10-30T17:07:42","guid":{"rendered":"https:\/\/pause-paysanne.com\/?page_id=244"},"modified":"2026-01-25T15:08:54","modified_gmt":"2026-01-25T15:08:54","slug":"sejours-de-repit","status":"publish","type":"page","link":"https:\/\/pause-paysanne.com\/index.php\/sejours-de-repit\/","title":{"rendered":"R\u00e9pit seul ou en famille"},"content":{"rendered":"<div style=\"margin-top: -350px;\">\n\n\n<p class=\"has-text-align-center\"><img loading=\"lazy\" decoding=\"async\" width=\"2044\" height=\"1702\" class=\"wp-image-245\" style=\"max-width: 450px; margin-bottom: 30px;\" src=\"https:\/\/pause-paysanne.com\/wp-content\/uploads\/2025\/10\/medi-1-scaled-e1761844098437.jpeg\" alt=\"\" srcset=\"https:\/\/pause-paysanne.com\/wp-content\/uploads\/2025\/10\/medi-1-scaled-e1761844098437.jpeg 2044w, https:\/\/pause-paysanne.com\/wp-content\/uploads\/2025\/10\/medi-1-scaled-e1761844098437-300x250.jpeg 300w, https:\/\/pause-paysanne.com\/wp-content\/uploads\/2025\/10\/medi-1-scaled-e1761844098437-1024x853.jpeg 1024w, https:\/\/pause-paysanne.com\/wp-content\/uploads\/2025\/10\/medi-1-scaled-e1761844098437-768x639.jpeg 768w, https:\/\/pause-paysanne.com\/wp-content\/uploads\/2025\/10\/medi-1-scaled-e1761844098437-1536x1279.jpeg 1536w\" sizes=\"auto, (max-width: 2044px) 100vw, 2044px\" \/><p>Ces s\u00e9jours sont avant tout construits pour r\u00e9pondre \u00e0 VOS besoins. Nous les construisons ensemble afin que vous b\u00e9n\u00e9ficiiez r\u00e9ellement d\u2019une pause\u2026 paysanne&nbsp;!<\/p><\/p>\n\n\n\n<p>Pour qui&nbsp;?<\/p>\n\n\n\n<ul class=\"wp-block-list\">\n\n\n\n\n<li>Les <strong>familles <\/strong>souhaitant partager avec <em>la personne en difficult\u00e9 sociale <\/em>qu\u2019elles accompagnent des moments de d\u00e9tente, de d\u00e9couverte hors du quotidien.<\/li>\n\n\n\n<li>Les <strong>accompagnants<\/strong> souhaitant partir en vacances tout en \u00e9tant soulag\u00e9s temporairement de l\u2019accompagnement sp\u00e9cifique (<strong>prise en charge \u00e9ducative construite en amont<\/strong>).<\/li>\n\n\n\n<li>Les <strong>accompagn\u00e9s<\/strong> \u00e0 la recherche d\u2019un <strong>accueil de jour<\/strong> convivial pour eux aussi faire une pause. (Possibilit\u00e9 d\u2019\u00e9tendre l\u2019accueil de jour en fonction des attentes).<\/li>\n<\/ul>\n\n\n\n<p>Notre engagement est de construire avec vous un s\u00e9jour qui correspond \u00e0 vos envies, vos besoins. La ferme p\u00e9dagogique partenaire de Pause Paysanne nous oriente naturellement vers les animaux qui y vivent (poules, ch\u00e8vres, \u00e2nes, chevaux et bien d\u2019autres encore). Conform\u00e9ment \u00e0 notre projet, l\u2019accompagnement propos\u00e9 lors des s\u00e9jours de r\u00e9pit est donc pens\u00e9 gr\u00e2ce et avec la m\u00e9diation animale. Confort\u00e9s par notre exp\u00e9rience (cf rubrique Le Collectif) nous connaissons le potentiel \u00ab&nbsp;humain&nbsp;\u00bb de cet outil, nous savons ce qu\u2019il peut vous apporter.<\/p>\n\n\n\n<p>Cependant puisque ce temps de r\u00e9pit est avant tout le v\u00f4tre, nous pouvons construire une r\u00e9ponse adapt\u00e9e en nous appuyant sur nos autres ateliers.<\/p>\n\n\n\n<p><a><\/a>N\u2019h\u00e9sitez plus, contactez-nous au 06 47 08 96 62.<\/p>\n\n\n\n<h1 style=\"text-align: center; padding-top: 70px; margin-bottom: 40px;\">Vous souhaitez nous contacter?<\/h1>\n<h3 style=\"text-align: center;  margin-bottom: 40px;\">Par t\u00e9l\u00e9phone<\/h3>\n\n<div style=\"text-align: center; \";><img decoding=\"async\" src=\"https:\/\/pause-paysanne.com\/wp-content\/uploads\/2026\/01\/telephone_03.png\" alt=\"\" style=\"max-width: 400px;\"\/><\/div>\n<h3 style=\"text-align: center; padding-top: 70px; margin-bottom: 40px;\">Par message<\/h3>\n\n\n<div class=\"wpcf7 no-js\" id=\"wpcf7-f682-o1\" lang=\"en-US\" dir=\"ltr\" data-wpcf7-id=\"682\">\n<div class=\"screen-reader-response\"><p role=\"status\" aria-live=\"polite\" aria-atomic=\"true\"><\/p> <ul><\/ul><\/div>\n<form action=\"\/index.php\/wp-json\/wp\/v2\/pages\/244#wpcf7-f682-o1\" method=\"post\" class=\"wpcf7-form init\" aria-label=\"Contact form\" novalidate=\"novalidate\" data-status=\"init\">\n<fieldset class=\"hidden-fields-container\"><input type=\"hidden\" name=\"_wpcf7\" value=\"682\" \/><input type=\"hidden\" name=\"_wpcf7_version\" value=\"6.1.4\" \/><input type=\"hidden\" name=\"_wpcf7_locale\" value=\"en_US\" \/><input type=\"hidden\" name=\"_wpcf7_unit_tag\" value=\"wpcf7-f682-o1\" \/><input type=\"hidden\" name=\"_wpcf7_container_post\" value=\"0\" \/><input type=\"hidden\" name=\"_wpcf7_posted_data_hash\" value=\"\" \/><input type=\"hidden\" name=\"_wpcf7_recaptcha_response\" value=\"\" \/>\n<\/fieldset>\n<div style=\"text-align : center; \">\n\t<p><label > Nom<br \/>\n<\/label>\n\t<\/p>\n\t<div>\n\t\t<p><span class=\"wpcf7-form-control-wrap\" data-name=\"text-159\"><input size=\"40\" maxlength=\"400\" class=\"wpcf7-form-control wpcf7-text formulaire\" aria-invalid=\"false\" value=\"\" type=\"text\" name=\"text-159\" \/><\/span>\n\t\t<\/p>\n\t<\/div>\n\t<p><label> Courriel<br \/>\n<\/label>\n\t<\/p>\n\t<div>\n\t\t<p><span class=\"wpcf7-form-control-wrap\" data-name=\"your-email\"><input size=\"40\" maxlength=\"400\" class=\"wpcf7-form-control wpcf7-email wpcf7-validates-as-required wpcf7-text wpcf7-validates-as-email\" autocomplete=\"email\" aria-required=\"true\" aria-invalid=\"false\" value=\"\" type=\"email\" name=\"your-email\" \/><\/span>\n\t\t<\/p>\n\t<\/div>\n\t<p><label> T\u00e9l\u00e9phone<br \/>\n<\/label>\n\t<\/p>\n\t<div>\n\t\t<p><span class=\"wpcf7-form-control-wrap\" data-name=\"tel-512\"><input size=\"40\" maxlength=\"400\" class=\"wpcf7-form-control wpcf7-tel wpcf7-text wpcf7-validates-as-tel\" aria-invalid=\"false\" value=\"\" type=\"tel\" name=\"tel-512\" \/><\/span>\n\t\t<\/p>\n\t<\/div>\n\t<p><label> Votre message <br \/>\n<\/label>\n\t<\/p>\n\t<div>\n\t\t<p><span class=\"wpcf7-form-control-wrap\" data-name=\"your-message\"><textarea cols=\"40\" rows=\"10\" maxlength=\"2000\" class=\"wpcf7-form-control wpcf7-textarea wpcf7-validates-as-required\" aria-required=\"true\" aria-invalid=\"false\" name=\"your-message\"><\/textarea><\/span>\n\t\t<\/p>\n\t<\/div>\n\t<p><input class=\"wpcf7-form-control wpcf7-submit has-spinner\" type=\"submit\" value=\"Soumettre\" \/>\n\t<\/p>\n<\/div>\n<p class='keraca'><span class=\"wpcf7-form-control-wrap\" data-name=\"keraca\"><input size=\"40\" maxlength=\"400\" class=\"wpcf7-form-control wpcf7-text\" aria-invalid=\"false\" value=\"\" type=\"text\" name=\"keraca\" \/><\/span>\n<\/p>\n<p class='nefece'><span class=\"wpcf7-form-control-wrap\" data-name=\"nefece\"><input size=\"40\" maxlength=\"400\" class=\"wpcf7-form-control wpcf7-text\" aria-invalid=\"false\" value=\"\" type=\"text\" name=\"nefece\" \/><\/span>\n<\/p>\n<p class='yapuso'><span class=\"wpcf7-form-control-wrap\" data-name=\"yapuso\"><input size=\"40\" maxlength=\"400\" class=\"wpcf7-form-control wpcf7-text\" aria-invalid=\"false\" value=\"\" type=\"text\" name=\"yapuso\" \/><\/span>\n<\/p><input type=\"hidden\" id=\"ct_checkjs_cf7_b6edc1cd1f36e45daf6d7824d7bb2283\" name=\"ct_checkjs_cf7\" value=\"0\" \/><script >setTimeout(function(){var ct_input_name = \"ct_checkjs_cf7_b6edc1cd1f36e45daf6d7824d7bb2283\";if (document.getElementById(ct_input_name) !== null) {var ct_input_value = document.getElementById(ct_input_name).value;document.getElementById(ct_input_name).value = document.getElementById(ct_input_name).value.replace(ct_input_value, '1640822428');}}, 1000);<\/script><input\n                    class=\"apbct_special_field apbct_email_id__wp_contact_form_7\"\n                    name=\"apbct__email_id__wp_contact_form_7\"\n                    aria-label=\"apbct__label_id__wp_contact_form_7\"\n                    type=\"text\" size=\"30\" maxlength=\"200\" autocomplete=\"off\"\n                    value=\"\"\n                \/><div class=\"wpcf7-response-output\" aria-hidden=\"true\"><\/div>\n<\/form>\n<\/div>\n\n\n<\/div>","protected":false},"excerpt":{"rendered":"<p>Ces s\u00e9jours sont avant tout construits pour r\u00e9pondre \u00e0 VOS besoins. Nous les construisons ensemble afin que vous b\u00e9n\u00e9ficiiez r\u00e9ellement&#8230;<\/p>\n","protected":false},"author":1,"featured_media":0,"parent":0,"menu_order":0,"comment_status":"closed","ping_status":"closed","template":"","meta":{"footnotes":""},"class_list":["post-244","page","type-page","status-publish","hentry"],"yoast_head":"<!-- This site is optimized with the Yoast SEO plugin v26.9 - https:\/\/yoast.com\/product\/yoast-seo-wordpress\/ -->\n<title>R\u00e9pit seul ou en famille - pause paysanne<\/title>\n<meta name=\"robots\" content=\"index, follow, max-snippet:-1, max-image-preview:large, max-video-preview:-1\" \/>\n<link rel=\"canonical\" href=\"https:\/\/pause-paysanne.com\/index.php\/sejours-de-repit\/\" \/>\n<meta property=\"og:locale\" content=\"en_US\" \/>\n<meta property=\"og:type\" content=\"article\" \/>\n<meta property=\"og:title\" content=\"R\u00e9pit seul ou en famille - pause paysanne\" \/>\n<meta property=\"og:description\" content=\"Ces s\u00e9jours sont avant tout construits pour r\u00e9pondre \u00e0 VOS besoins. Nous les construisons ensemble afin que vous b\u00e9n\u00e9ficiiez r\u00e9ellement...\" \/>\n<meta property=\"og:url\" content=\"https:\/\/pause-paysanne.com\/index.php\/sejours-de-repit\/\" \/>\n<meta property=\"og:site_name\" content=\"pause paysanne\" \/>\n<meta property=\"article:modified_time\" content=\"2026-01-25T15:08:54+00:00\" \/>\n<meta property=\"og:image\" content=\"http:\/\/pause-paysanne.com\/wp-content\/uploads\/2025\/10\/medi-1-scaled-e1761844098437.jpeg\" \/>\n<meta name=\"twitter:card\" content=\"summary_large_image\" \/>\n<meta name=\"twitter:label1\" content=\"Est. reading time\" \/>\n\t<meta name=\"twitter:data1\" content=\"1 minute\" \/>\n<script type=\"application\/ld+json\" class=\"yoast-schema-graph\">{\"@context\":\"https:\/\/schema.org\",\"@graph\":[{\"@type\":\"WebPage\",\"@id\":\"https:\/\/pause-paysanne.com\/index.php\/sejours-de-repit\/\",\"url\":\"https:\/\/pause-paysanne.com\/index.php\/sejours-de-repit\/\",\"name\":\"R\u00e9pit seul ou en famille - pause paysanne\",\"isPartOf\":{\"@id\":\"https:\/\/pause-paysanne.com\/#website\"},\"primaryImageOfPage\":{\"@id\":\"https:\/\/pause-paysanne.com\/index.php\/sejours-de-repit\/#primaryimage\"},\"image\":{\"@id\":\"https:\/\/pause-paysanne.com\/index.php\/sejours-de-repit\/#primaryimage\"},\"thumbnailUrl\":\"http:\/\/pause-paysanne.com\/wp-content\/uploads\/2025\/10\/medi-1-scaled-e1761844098437.jpeg\",\"datePublished\":\"2025-10-30T17:07:42+00:00\",\"dateModified\":\"2026-01-25T15:08:54+00:00\",\"breadcrumb\":{\"@id\":\"https:\/\/pause-paysanne.com\/index.php\/sejours-de-repit\/#breadcrumb\"},\"inLanguage\":\"en-US\",\"potentialAction\":[{\"@type\":\"ReadAction\",\"target\":[\"https:\/\/pause-paysanne.com\/index.php\/sejours-de-repit\/\"]}]},{\"@type\":\"ImageObject\",\"inLanguage\":\"en-US\",\"@id\":\"https:\/\/pause-paysanne.com\/index.php\/sejours-de-repit\/#primaryimage\",\"url\":\"http:\/\/pause-paysanne.com\/wp-content\/uploads\/2025\/10\/medi-1-scaled-e1761844098437.jpeg\",\"contentUrl\":\"http:\/\/pause-paysanne.com\/wp-content\/uploads\/2025\/10\/medi-1-scaled-e1761844098437.jpeg\"},{\"@type\":\"BreadcrumbList\",\"@id\":\"https:\/\/pause-paysanne.com\/index.php\/sejours-de-repit\/#breadcrumb\",\"itemListElement\":[{\"@type\":\"ListItem\",\"position\":1,\"name\":\"Home\",\"item\":\"https:\/\/pause-paysanne.com\/\"},{\"@type\":\"ListItem\",\"position\":2,\"name\":\"R\u00e9pit seul ou en famille\"}]},{\"@type\":\"WebSite\",\"@id\":\"https:\/\/pause-paysanne.com\/#website\",\"url\":\"https:\/\/pause-paysanne.com\/\",\"name\":\"pause paysanne\",\"description\":\"\",\"publisher\":{\"@id\":\"https:\/\/pause-paysanne.com\/#organization\"},\"potentialAction\":[{\"@type\":\"SearchAction\",\"target\":{\"@type\":\"EntryPoint\",\"urlTemplate\":\"https:\/\/pause-paysanne.com\/?s={search_term_string}\"},\"query-input\":{\"@type\":\"PropertyValueSpecification\",\"valueRequired\":true,\"valueName\":\"search_term_string\"}}],\"inLanguage\":\"en-US\"},{\"@type\":\"Organization\",\"@id\":\"https:\/\/pause-paysanne.com\/#organization\",\"name\":\"pause paysanne\",\"url\":\"https:\/\/pause-paysanne.com\/\",\"logo\":{\"@type\":\"ImageObject\",\"inLanguage\":\"en-US\",\"@id\":\"https:\/\/pause-paysanne.com\/#\/schema\/logo\/image\/\",\"url\":\"https:\/\/pause-paysanne.com\/wp-content\/uploads\/2025\/09\/cropped-accueil-pause-paysanne_03.png\",\"contentUrl\":\"https:\/\/pause-paysanne.com\/wp-content\/uploads\/2025\/09\/cropped-accueil-pause-paysanne_03.png\",\"width\":575,\"height\":155,\"caption\":\"pause paysanne\"},\"image\":{\"@id\":\"https:\/\/pause-paysanne.com\/#\/schema\/logo\/image\/\"}}]}<\/script>\n<!-- \/ Yoast SEO plugin. -->","yoast_head_json":{"title":"R\u00e9pit seul ou en famille - pause paysanne","robots":{"index":"index","follow":"follow","max-snippet":"max-snippet:-1","max-image-preview":"max-image-preview:large","max-video-preview":"max-video-preview:-1"},"canonical":"https:\/\/pause-paysanne.com\/index.php\/sejours-de-repit\/","og_locale":"en_US","og_type":"article","og_title":"R\u00e9pit seul ou en famille - pause paysanne","og_description":"Ces s\u00e9jours sont avant tout construits pour r\u00e9pondre \u00e0 VOS besoins. Nous les construisons ensemble afin que vous b\u00e9n\u00e9ficiiez r\u00e9ellement...","og_url":"https:\/\/pause-paysanne.com\/index.php\/sejours-de-repit\/","og_site_name":"pause paysanne","article_modified_time":"2026-01-25T15:08:54+00:00","og_image":[{"url":"http:\/\/pause-paysanne.com\/wp-content\/uploads\/2025\/10\/medi-1-scaled-e1761844098437.jpeg","type":"","width":"","height":""}],"twitter_card":"summary_large_image","twitter_misc":{"Est. reading time":"1 minute"},"schema":{"@context":"https:\/\/schema.org","@graph":[{"@type":"WebPage","@id":"https:\/\/pause-paysanne.com\/index.php\/sejours-de-repit\/","url":"https:\/\/pause-paysanne.com\/index.php\/sejours-de-repit\/","name":"R\u00e9pit seul ou en famille - pause paysanne","isPartOf":{"@id":"https:\/\/pause-paysanne.com\/#website"},"primaryImageOfPage":{"@id":"https:\/\/pause-paysanne.com\/index.php\/sejours-de-repit\/#primaryimage"},"image":{"@id":"https:\/\/pause-paysanne.com\/index.php\/sejours-de-repit\/#primaryimage"},"thumbnailUrl":"http:\/\/pause-paysanne.com\/wp-content\/uploads\/2025\/10\/medi-1-scaled-e1761844098437.jpeg","datePublished":"2025-10-30T17:07:42+00:00","dateModified":"2026-01-25T15:08:54+00:00","breadcrumb":{"@id":"https:\/\/pause-paysanne.com\/index.php\/sejours-de-repit\/#breadcrumb"},"inLanguage":"en-US","potentialAction":[{"@type":"ReadAction","target":["https:\/\/pause-paysanne.com\/index.php\/sejours-de-repit\/"]}]},{"@type":"ImageObject","inLanguage":"en-US","@id":"https:\/\/pause-paysanne.com\/index.php\/sejours-de-repit\/#primaryimage","url":"http:\/\/pause-paysanne.com\/wp-content\/uploads\/2025\/10\/medi-1-scaled-e1761844098437.jpeg","contentUrl":"http:\/\/pause-paysanne.com\/wp-content\/uploads\/2025\/10\/medi-1-scaled-e1761844098437.jpeg"},{"@type":"BreadcrumbList","@id":"https:\/\/pause-paysanne.com\/index.php\/sejours-de-repit\/#breadcrumb","itemListElement":[{"@type":"ListItem","position":1,"name":"Home","item":"https:\/\/pause-paysanne.com\/"},{"@type":"ListItem","position":2,"name":"R\u00e9pit seul ou en famille"}]},{"@type":"WebSite","@id":"https:\/\/pause-paysanne.com\/#website","url":"https:\/\/pause-paysanne.com\/","name":"pause paysanne","description":"","publisher":{"@id":"https:\/\/pause-paysanne.com\/#organization"},"potentialAction":[{"@type":"SearchAction","target":{"@type":"EntryPoint","urlTemplate":"https:\/\/pause-paysanne.com\/?s={search_term_string}"},"query-input":{"@type":"PropertyValueSpecification","valueRequired":true,"valueName":"search_term_string"}}],"inLanguage":"en-US"},{"@type":"Organization","@id":"https:\/\/pause-paysanne.com\/#organization","name":"pause paysanne","url":"https:\/\/pause-paysanne.com\/","logo":{"@type":"ImageObject","inLanguage":"en-US","@id":"https:\/\/pause-paysanne.com\/#\/schema\/logo\/image\/","url":"https:\/\/pause-paysanne.com\/wp-content\/uploads\/2025\/09\/cropped-accueil-pause-paysanne_03.png","contentUrl":"https:\/\/pause-paysanne.com\/wp-content\/uploads\/2025\/09\/cropped-accueil-pause-paysanne_03.png","width":575,"height":155,"caption":"pause paysanne"},"image":{"@id":"https:\/\/pause-paysanne.com\/#\/schema\/logo\/image\/"}}]}},"_links":{"self":[{"href":"https:\/\/pause-paysanne.com\/index.php\/wp-json\/wp\/v2\/pages\/244","targetHints":{"allow":["GET"]}}],"collection":[{"href":"https:\/\/pause-paysanne.com\/index.php\/wp-json\/wp\/v2\/pages"}],"about":[{"href":"https:\/\/pause-paysanne.com\/index.php\/wp-json\/wp\/v2\/types\/page"}],"author":[{"embeddable":true,"href":"https:\/\/pause-paysanne.com\/index.php\/wp-json\/wp\/v2\/users\/1"}],"replies":[{"embeddable":true,"href":"https:\/\/pause-paysanne.com\/index.php\/wp-json\/wp\/v2\/comments?post=244"}],"version-history":[{"count":9,"href":"https:\/\/pause-paysanne.com\/index.php\/wp-json\/wp\/v2\/pages\/244\/revisions"}],"predecessor-version":[{"id":703,"href":"https:\/\/pause-paysanne.com\/index.php\/wp-json\/wp\/v2\/pages\/244\/revisions\/703"}],"wp:attachment":[{"href":"https:\/\/pause-paysanne.com\/index.php\/wp-json\/wp\/v2\/media?parent=244"}],"curies":[{"name":"wp","href":"https:\/\/api.w.org\/{rel}","templated":true}]}}