{"id":6,"date":"2025-09-18T18:48:00","date_gmt":"2025-09-18T18:48:00","guid":{"rendered":"http:\/\/pause-paysanne.com\/?page_id=6"},"modified":"2026-02-07T15:32:00","modified_gmt":"2026-02-07T15:32:00","slug":"home","status":"publish","type":"page","link":"https:\/\/pause-paysanne.com\/","title":{"rendered":""},"content":{"rendered":"\n<div class=\"slideshow-container\">\n    <!-- Slide 1 -->\n    <div class=\"slide active\">\n        <img decoding=\"async\" src=\"https:\/\/pause-paysanne.com\/wp-content\/uploads\/2025\/10\/med-chevre-scaled.jpg\" class=\"slide-image\">\n        <div class=\"slide-content\">\n            <h2 class=\"slide-title\"><\/h2>\n            <p class=\"slide-description\"><\/p>\n\n         \n        <\/div>\n    <\/div>\n\n    <!-- Slide 2 -->\n    <div class=\"slide\">\n        <img decoding=\"async\" src=\"https:\/\/pause-paysanne.com\/wp-content\/uploads\/2025\/10\/med-oison_-scaled-e1761839302623.jpg\" alt=\"S\u00e9jour adapt\u00e9 \u00e0 la ferme\" class=\"slide-image\">\n        <div class=\"slide-content\">\n            <h2 class=\"slide-title\"><\/h2>\n              <p class=\"slide-description\"><\/p>\n           \n        <\/div>\n    <\/div>\n\n    <!-- Slide 3 -->\n    <div class=\"slide\">\n        <img decoding=\"async\" src=\"https:\/\/pause-paysanne.com\/wp-content\/uploads\/2025\/10\/med-anes-scaled-e1761839679743.jpg\" alt=\"S\u00e9jour adapt\u00e9 \u00e0 la ferme\" class=\"slide-image\">\n        <div class=\"slide-content\">\n            <h2 class=\"slide-title\"><\/h2>\n           <p class=\"slide-description\"><\/p>\n    \n        <\/div>\n    <\/div>\n<!-- Slide 4 -->\n    <div class=\"slide\">\n        <img decoding=\"async\" src=\"https:\/\/pause-paysanne.com\/wp-content\/uploads\/2025\/10\/ane-mediation-1-scaled.jpeg\" alt=\"S\u00e9jour adapt\u00e9 \u00e0 la ferme\" class=\"slide-image\">\n        <div class=\"slide-content\">\n            <h2 class=\"slide-title\"><\/h2>\n           <p class=\"slide-description\"><\/p>\n    \n        <\/div>\n    <\/div>\n\n    <!-- Navigation -->\n    <button class=\"nav-button prev\" onclick=\"changeSlide(-1)\">\u276e<\/button>\n    <button class=\"nav-button next\" onclick=\"changeSlide(1)\">\u276f<\/button>\n<\/div>\n\n<!-- Dots -->\n<div class=\"dots-container\">\n    <span class=\"dot active\" onclick=\"goToSlide(0)\"><\/span>\n    <span class=\"dot\" onclick=\"goToSlide(1)\"><\/span>\n    <span class=\"dot\" onclick=\"goToSlide(2)\"><\/span>\n<\/div>\n\n<style>\n* {\n    margin: 0;\n    padding: 0;\n    box-sizing: border-box;\n\n}\n\n.slideshow-container {\n    position: relative;\n    width: 100%;\n    max-width: 1200px;\n    height: 500px;\n    margin: auto;\n    overflow: hidden;\n    border-radius: 10px;\n    box-shadow: 0 10px 40px rgba(0,0,0,0.2);\nmargin-top: -425px;\n}\n\n\n.slide {\n    display: none;\n    width: 100%;\n    height: 100%;\n    position: absolute;\n    top: 0;\n    left: 0;\n    animation: fadeIn 1s;\n}\n\n.slide.active {\n    display: block;\n}\n\n@keyframes fadeIn {\n    from { opacity: 0; }\n    to { opacity: 1; }\n}\n\n.slide-image {\n    width: 100%;\n    height: 100%;\n    object-fit: cover;\n}\n\n.slide-content {\n    position: absolute;\n    bottom: 0;\n    left: 0;\n    right: 0;\n    background: linear-gradient(transparent, rgba(0,0,0,0.8));\n    color: white;\n    padding: 40px;\n    transform: translateY(100%);\n    transition: transform 0.5s ease;\n}\n\n.slide.active .slide-content {\n    transform: translateY(0);\n}\n\n.slide-title {\n    font-size: 2.5em;\n    font-weight: bold;\n    margin-bottom: 10px;\n    text-shadow: 2px 2px 4px rgba(0,0,0,0.5);\n}\n\n.slide-description {\n    font-size: 1.2em;\n    margin-bottom: 20px;\n    text-shadow: 1px 1px 2px rgba(0,0,0,0.5);\n}\n\n.slide-button {\n    display: inline-block;\n    padding: 12px 30px;\n    background: #ff6b6b;\n    color: white;\n    text-decoration: none;\n    border-radius: 25px;\n    font-weight: bold;\n    transition: all 0.3s;\n    box-shadow: 0 4px 15px rgba(255,107,107,0.4);\n}\n\n.slide-button:hover {\n    background: #ff5252;\n    transform: translateY(-2px);\n    box-shadow: 0 6px 20px rgba(255,107,107,0.6);\n}\n\n.nav-button {\n    position: absolute;\n    top: 50%;\n    transform: translateY(-50%);\n    background: rgba(255,255,255,0.9);\n    color: #333;\n    border: none;\n    padding: 15px 20px;\n    cursor: pointer;\n    font-size: 20px;\n    border-radius: 5px;\n    transition: all 0.3s;\n    z-index: 10;\n}\n\n.nav-button:hover {\n    background: white;\n    box-shadow: 0 4px 15px rgba(0,0,0,0.3);\n}\n\n.prev {\n    left: 20px;\n}\n\n.next {\n    right: 20px;\n}\n\n.dots-container {\n    text-align: center;\n    padding: 20px;\n}\n\n.dot {\n    display: inline-block;\n    width: 12px;\n    height: 12px;\n    border-radius: 50%;\n    background: #ddd;\n    margin: 0 5px;\n    cursor: pointer;\n    transition: all 0.3s;\n}\n\n.dot.active {\n    background: #ff6b6b;\n    transform: scale(1.3);\n}\n\n.dot:hover {\n    background: #ff8787;\n}\n\n@media (max-width: 768px) {\n    .slideshow-container {\n        height: 400px;\n    }\n\n    .slide-title {\n        font-size: 1.8em;\n    }\n\n    .slide-description {\n        font-size: 1em;\n    }\n\n    .slide-content {\n        padding: 20px;\n    }\n\n    .nav-button {\n        padding: 10px 15px;\n        font-size: 16px;\n    }\n}\n<\/style>\n\n\n<h6>Nous vous accueillons dans un ensemble \u00e0 taille humaine pour vous permettre de faire une pause (paysanne\u00a0!) aux c\u00f4t\u00e9s des Animaux de la Ferme. Vous s\u00e9journerez dans une ancienne \u00e9table r\u00e9habilit\u00e9e en g\u00eete adoss\u00e9e \u00e0 une ferme p\u00e9dagogique.<\/h6><\/br>\n\n\n<div class=\"wp-block-columns is-layout-flex wp-container-core-columns-is-layout-3a683060 wp-block-columns-is-layout-flex\" style=\"margin-bottom:var(--wp--preset--spacing--60)\">\n<div class=\"wp-block-column is-layout-flow wp-block-column-is-layout-flow\">\n<figure class=\"wp-block-gallery has-nested-images columns-default is-cropped wp-block-gallery-1 is-layout-flex wp-block-gallery-is-layout-flex\">\n<figure class=\"wp-block-image size-full is-style-rounded\"><a href=\"https:\/\/pause-paysanne.com\/index.php\/sejours-de-repit\/\"><img decoding=\"async\" data-id=\"70\" src=\"https:\/\/pause-paysanne.com\/wp-content\/uploads\/2025\/11\/sejours-familles-scaled.jpg\" alt=\"\" class=\"wp-image-145\"\/><\/a><\/figure>\n<\/figure>\n\n\n\n<h5 class=\"wp-block-heading has-text-align-center\" id=\"vk-blocks\" style=\"margin-top:1.5rem;margin-bottom:1rem\"><a href=\"https:\/\/pause-paysanne.com\/index.php\/sejours-de-repit\/\"> R\u00e9pit seul ou en famille<\/a><\/h5>\n\n\n\n<p><\/p>\n\n\n\n<div class=\"wp-block-buttons is-layout-flex wp-block-buttons-is-layout-flex\">\n<div style=\"display: none;\" class=\"wp-block-button is-style-outline is-style-outline--2\"><a class=\"wp-block-button__link has-small-font-size has-custom-font-size wp-element-button\" href=\"https:\/\/pause-paysanne.com\/index.php\/sejours-groupes-constitues\/\" style=\"border-radius:0px;padding-top:0.5em;padding-right:1em;padding-bottom:0.5em;padding-left:1em\">en savoir plus<\/a><\/div>\n<\/div>\n<\/div>\n\n\n\n<div class=\"wp-block-column is-layout-flow wp-block-column-is-layout-flow\">\n<figure class=\"wp-block-gallery has-nested-images columns-default is-cropped wp-block-gallery-3 is-layout-flex wp-block-gallery-is-layout-flex\">\n<figure class=\"wp-block-image size-full is-style-rounded\"><a href=\"https:\/\/pause-paysanne.com\/index.php\/sejours-groupes-constitues\/\"><img decoding=\"async\" data-id=\"68\" src=\"https:\/\/pause-paysanne.com\/wp-content\/uploads\/2025\/11\/sejours-groupes-constitues-1-scaled.jpg\" alt=\"\" class=\"wp-image-70\"\/><\/a><\/figure>\n<\/figure>\n\n\n\n<h5 class=\"wp-block-heading has-text-align-center\" id=\"vk-blocks\" style=\"margin-top:1.5rem;margin-bottom:1rem\"><a href=\"https:\/\/pause-paysanne.com\/index.php\/sejours-groupes-constitues\/\">S\u00e9jours groupes constitu\u00e9s<\/a><\/h5>\n\n\n\n\n<p><\/p>\n\n\n\n<div class=\"wp-block-buttons is-layout-flex wp-block-buttons-is-layout-flex\">\n<div style=\"display: none;\" class=\"wp-block-button is-style-outline is-style-outline--4\"><a class=\"wp-block-button__link has-small-font-size has-custom-font-size wp-element-button\" href=\"https:\/\/pause-paysanne.com\/index.php\/sejours-adaptes-adultes\/\" style=\"border-radius:0px;padding-top:0.5em;padding-right:1em;padding-bottom:0.5em;padding-left:1em\">en savoir plus<\/a><\/div>\n<\/div>\n<\/div>\n\n\n\n<div class=\"wp-block-column is-layout-flow wp-block-column-is-layout-flow\">\n<figure class=\"wp-block-gallery has-nested-images columns-default is-cropped wp-block-gallery-5 is-layout-flex wp-block-gallery-is-layout-flex\">\n<figure class=\"wp-block-image size-full is-style-rounded\"><a href=\"https:\/\/pause-paysanne.com\/index.php\/sejours-adaptes-adultes\/\"><img decoding=\"async\" data-id=\"68\" src=\"https:\/\/pause-paysanne.com\/wp-content\/uploads\/2025\/11\/sejours-adaptes-adultes-scaled.jpg\" alt=\"\" class=\"wp-image-68\"\/><\/a><\/figure>\n<\/figure>\n\n\n\n<h5 class=\"wp-block-heading has-text-align-center\" id=\"vk-blocks\" style=\"margin-top:1.5rem;margin-bottom:1rem\"><a href=\"https:\/\/pause-paysanne.com\/index.php\/sejours-adaptes-adultes\/\">S\u00e9jours adapt\u00e9s adultes<\/a><\/h5>\n\n\n\n<p><\/p>\n\n\n\n<div class=\"wp-block-buttons is-layout-flex wp-block-buttons-is-layout-flex\">\n<div style=\"display: none;\" class=\"wp-block-button is-style-outline is-style-outline--6\"><a class=\"wp-block-button__link has-small-font-size has-custom-font-size wp-element-button\" href=\"\" style=\"border-radius:0px;padding-top:0.5em;padding-right:1em;padding-bottom:0.5em;padding-left:1em\">Read more<\/a><\/div>\n<\/div>\n<\/div>\n<\/div>\n\n\n\n<div class=\"wp-block-columns is-layout-flex wp-container-core-columns-is-layout-3a683060 wp-block-columns-is-layout-flex\" style=\"margin-bottom:var(--wp--preset--spacing--60)\">\n<div class=\"wp-block-column is-layout-flow wp-block-column-is-layout-flow\">\n<figure class=\"wp-block-gallery has-nested-images columns-default is-cropped wp-block-gallery-7 is-layout-flex wp-block-gallery-is-layout-flex\">\n<figure class=\"wp-block-image size-full is-style-rounded\"><a href=\"https:\/\/pause-paysanne.com\/index.php\/weekends\/\"><img decoding=\"async\" data-id=\"70\" src=\"https:\/\/pause-paysanne.com\/wp-content\/uploads\/2026\/01\/weekends.jpg\" alt=\"\" class=\"wp-image-70\"\/><\/a><\/figure>\n<\/figure>\n\n\n\n<h5 class=\"wp-block-heading has-text-align-center\" id=\"vk-blocks\" style=\"margin-top:1.5rem;margin-bottom:1rem\"><a href=\"https:\/\/pause-paysanne.com\/index.php\/weekends\/\">Weekends<\/a><\/h5>\n\n\n\n<p><\/p>\n\n\n\n<div class=\"wp-block-buttons is-layout-flex wp-block-buttons-is-layout-flex\">\n<div style=\"display: none;\" class=\"wp-block-button is-style-outline is-style-outline--8\"><a class=\"wp-block-button__link has-small-font-size has-custom-font-size wp-element-button\" href=\"https:\/\/pause-paysanne.com\/index.php\/sejours-groupes-constitues\/\" style=\"border-radius:0px;padding-top:0.5em;padding-right:1em;padding-bottom:0.5em;padding-left:1em\">Read more<\/a><\/div>\n<\/div>\n<\/div>\n\n\n\n<div class=\"wp-block-column is-layout-flow wp-block-column-is-layout-flow\">\n<figure class=\"wp-block-gallery has-nested-images columns-default is-cropped wp-block-gallery-9 is-layout-flex wp-block-gallery-is-layout-flex\">\n\n<figure class=\"wp-block-image size-full is-style-rounded\"><a href=\"https:\/\/pause-paysanne.com\/index.php\/sejours-famille\/\"><img decoding=\"async\" data-id=\"141\" src=\"https:\/\/pause-paysanne.com\/wp-content\/uploads\/2026\/01\/repit2.jpg\" alt=\"\" class=\"wp-image-145\"\/><\/a><\/figure>\n<\/figure>\n\n\n\n<h5 class=\"wp-block-heading has-text-align-center\" id=\"vk-blocks\" style=\"margin-top:1.5rem;margin-bottom:1rem\"><a href=\"https:\/\/pause-paysanne.com\/index.php\/sejours-famille\/\">S\u00e9jours de coh\u00e9sion<\/a><\/h5>\n\n\n\n\n\n<p><\/p>\n\n\n\n<div class=\"wp-block-buttons is-layout-flex wp-block-buttons-is-layout-flex\">\n<div style=\"display: none;\" class=\"wp-block-button is-style-outline is-style-outline--10\"><a class=\"wp-block-button__link has-small-font-size has-custom-font-size wp-element-button\" href=\"https:\/\/pause-paysanne.com\/index.php\/sejours-famille\/\" style=\"border-radius:0px;padding-top:0.5em;padding-right:1em;padding-bottom:0.5em;padding-left:1em\">Read more<\/a><\/div>\n<\/div>\n<\/div>\n\n\n\n<div class=\"wp-block-column is-layout-flow wp-block-column-is-layout-flow\">\n<figure class=\"wp-block-gallery has-nested-images columns-default is-cropped wp-block-gallery-11 is-layout-flex wp-block-gallery-is-layout-flex\">\n<figure class=\"wp-block-image size-full is-style-rounded\"><a href=\"https:\/\/pause-paysanne.com\/index.php\/les-ateliers\/\"><img decoding=\"async\" data-id=\"145\" src=\"https:\/\/pause-paysanne.com\/wp-content\/uploads\/2025\/11\/ateliers-2.jpg\" alt=\"\" class=\"wp-image-141\"\/><\/a><\/figure>\n<\/figure>\n\n\n\n<h5 class=\"wp-block-heading has-text-align-center\" id=\"vk-blocks\" style=\"margin-top:1.5rem;margin-bottom:1rem\"><a href=\"https:\/\/pause-paysanne.com\/index.php\/les-ateliers\/\">Les ateliers en image<\/a><\/h5>\n\n\n\n<p><\/p>\n\n\n\n<div class=\"wp-block-buttons is-layout-flex wp-block-buttons-is-layout-flex\">\n<div style=\"display: none;\" class=\"wp-block-button is-style-outline is-style-outline--12\"><a class=\"wp-block-button__link has-small-font-size has-custom-font-size wp-element-button\" href=\"\" style=\"border-radius:0px;padding-top:0.5em;padding-right:1em;padding-bottom:0.5em;padding-left:1em\">Read more<\/a><\/div>\n<\/div>\n<\/div>\n<\/div>\n\n\n\n<h2 class=\"wp-block-heading\"><\/h2>\n\n\n\n<h1 style=\"text-align: center; padding-top: 70px; margin-bottom: 40px;\">Vous souhaitez nous contacter?<\/h1>\n<h3 style=\"text-align: center;  margin-bottom: 40px;\">Par t\u00e9l\u00e9phone<\/h3>\n\n<div style=\"text-align: center; \";><img decoding=\"async\" src=\"https:\/\/pause-paysanne.com\/wp-content\/uploads\/2026\/01\/telephone_03.png\" alt=\"\" style=\"max-width: 400px;\"\/><\/div>\n<h3 style=\"text-align: center; padding-top: 70px; margin-bottom: 40px;\">Par message<\/h3>\n\n\n<div class=\"wpcf7 no-js\" id=\"wpcf7-f682-o1\" lang=\"en-US\" dir=\"ltr\" data-wpcf7-id=\"682\">\n<div class=\"screen-reader-response\"><p role=\"status\" aria-live=\"polite\" aria-atomic=\"true\"><\/p> <ul><\/ul><\/div>\n<form action=\"\/index.php\/wp-json\/wp\/v2\/pages\/6#wpcf7-f682-o1\" method=\"post\" class=\"wpcf7-form init\" aria-label=\"Contact form\" novalidate=\"novalidate\" data-status=\"init\">\n<fieldset class=\"hidden-fields-container\"><input type=\"hidden\" name=\"_wpcf7\" value=\"682\" \/><input type=\"hidden\" name=\"_wpcf7_version\" value=\"6.1.4\" \/><input type=\"hidden\" name=\"_wpcf7_locale\" value=\"en_US\" \/><input type=\"hidden\" name=\"_wpcf7_unit_tag\" value=\"wpcf7-f682-o1\" \/><input type=\"hidden\" name=\"_wpcf7_container_post\" value=\"0\" \/><input type=\"hidden\" name=\"_wpcf7_posted_data_hash\" value=\"\" \/><input type=\"hidden\" name=\"_wpcf7_recaptcha_response\" value=\"\" \/>\n<\/fieldset>\n<div style=\"text-align : center; \">\n\t<p><label > Nom<br \/>\n<\/label>\n\t<\/p>\n\t<div>\n\t\t<p><span class=\"wpcf7-form-control-wrap\" data-name=\"text-159\"><input size=\"40\" maxlength=\"400\" class=\"wpcf7-form-control wpcf7-text formulaire\" aria-invalid=\"false\" value=\"\" type=\"text\" name=\"text-159\" \/><\/span>\n\t\t<\/p>\n\t<\/div>\n\t<p><label> Courriel<br \/>\n<\/label>\n\t<\/p>\n\t<div>\n\t\t<p><span class=\"wpcf7-form-control-wrap\" data-name=\"your-email\"><input size=\"40\" maxlength=\"400\" class=\"wpcf7-form-control wpcf7-email wpcf7-validates-as-required wpcf7-text wpcf7-validates-as-email\" autocomplete=\"email\" aria-required=\"true\" aria-invalid=\"false\" value=\"\" type=\"email\" name=\"your-email\" \/><\/span>\n\t\t<\/p>\n\t<\/div>\n\t<p><label> T\u00e9l\u00e9phone<br \/>\n<\/label>\n\t<\/p>\n\t<div>\n\t\t<p><span class=\"wpcf7-form-control-wrap\" data-name=\"tel-512\"><input size=\"40\" maxlength=\"400\" class=\"wpcf7-form-control wpcf7-tel wpcf7-text wpcf7-validates-as-tel\" aria-invalid=\"false\" value=\"\" type=\"tel\" name=\"tel-512\" \/><\/span>\n\t\t<\/p>\n\t<\/div>\n\t<p><label> Votre message <br \/>\n<\/label>\n\t<\/p>\n\t<div>\n\t\t<p><span class=\"wpcf7-form-control-wrap\" data-name=\"your-message\"><textarea cols=\"40\" rows=\"10\" maxlength=\"2000\" class=\"wpcf7-form-control wpcf7-textarea wpcf7-validates-as-required\" aria-required=\"true\" aria-invalid=\"false\" name=\"your-message\"><\/textarea><\/span>\n\t\t<\/p>\n\t<\/div>\n\t<p><input class=\"wpcf7-form-control wpcf7-submit has-spinner\" type=\"submit\" value=\"Soumettre\" \/>\n\t<\/p>\n<\/div>\n<p class='keraca'><span class=\"wpcf7-form-control-wrap\" data-name=\"keraca\"><input size=\"40\" maxlength=\"400\" class=\"wpcf7-form-control wpcf7-text\" aria-invalid=\"false\" value=\"\" type=\"text\" name=\"keraca\" \/><\/span>\n<\/p>\n<p class='nefece'><span class=\"wpcf7-form-control-wrap\" data-name=\"nefece\"><input size=\"40\" maxlength=\"400\" class=\"wpcf7-form-control wpcf7-text\" aria-invalid=\"false\" value=\"\" type=\"text\" name=\"nefece\" \/><\/span>\n<\/p>\n<p class='yapuso'><span class=\"wpcf7-form-control-wrap\" data-name=\"yapuso\"><input size=\"40\" maxlength=\"400\" class=\"wpcf7-form-control wpcf7-text\" aria-invalid=\"false\" value=\"\" type=\"text\" name=\"yapuso\" \/><\/span>\n<\/p><input type=\"hidden\" id=\"ct_checkjs_cf7_851ddf5058cf22df63d3344ad89919cf\" name=\"ct_checkjs_cf7\" value=\"0\" \/><script >setTimeout(function(){var ct_input_name = \"ct_checkjs_cf7_851ddf5058cf22df63d3344ad89919cf\";if (document.getElementById(ct_input_name) !== null) {var ct_input_value = document.getElementById(ct_input_name).value;document.getElementById(ct_input_name).value = document.getElementById(ct_input_name).value.replace(ct_input_value, '1566619180');}}, 1000);<\/script><input\n                    class=\"apbct_special_field apbct_email_id__wp_contact_form_7\"\n                    name=\"apbct__email_id__wp_contact_form_7\"\n                    aria-label=\"apbct__label_id__wp_contact_form_7\"\n                    type=\"text\" size=\"30\" maxlength=\"200\" autocomplete=\"off\"\n                    value=\"\"\n                \/><div class=\"wpcf7-response-output\" aria-hidden=\"true\"><\/div>\n<\/form>\n<\/div>\n\n\n\n\n<p><\/p>\n","protected":false},"excerpt":{"rendered":"<p>\u276e \u276f Nous vous accueillons dans un ensemble \u00e0 taille humaine pour vous permettre de faire une pause (paysanne\u00a0!) aux&#8230;<\/p>\n","protected":false},"author":1,"featured_media":0,"parent":0,"menu_order":0,"comment_status":"closed","ping_status":"closed","template":"","meta":{"footnotes":""},"class_list":["post-6","page","type-page","status-publish","hentry"],"yoast_head":"<!-- This site is optimized with the Yoast SEO plugin v26.9 - https:\/\/yoast.com\/product\/yoast-seo-wordpress\/ -->\n<title>- pause paysanne<\/title>\n<meta name=\"robots\" content=\"index, follow, max-snippet:-1, max-image-preview:large, max-video-preview:-1\" \/>\n<link rel=\"canonical\" href=\"https:\/\/pause-paysanne.com\/\" \/>\n<meta property=\"og:locale\" content=\"en_US\" \/>\n<meta property=\"og:type\" content=\"article\" \/>\n<meta property=\"og:title\" content=\"- pause paysanne\" \/>\n<meta property=\"og:description\" content=\"\u276e \u276f Nous vous accueillons dans un ensemble \u00e0 taille humaine pour vous permettre de faire une pause (paysanne\u00a0!) aux...\" \/>\n<meta property=\"og:url\" content=\"https:\/\/pause-paysanne.com\/\" \/>\n<meta property=\"og:site_name\" content=\"pause paysanne\" \/>\n<meta property=\"article:modified_time\" content=\"2026-02-07T15:32:00+00:00\" \/>\n<meta property=\"og:image\" content=\"http:\/\/pause-paysanne.com\/wp-content\/uploads\/2025\/10\/med-chevre-scaled.jpg\" \/>\n<meta name=\"twitter:card\" content=\"summary_large_image\" \/>\n<meta name=\"twitter:label1\" content=\"Est. reading time\" \/>\n\t<meta name=\"twitter:data1\" content=\"3 minutes\" \/>\n<script type=\"application\/ld+json\" class=\"yoast-schema-graph\">{\"@context\":\"https:\/\/schema.org\",\"@graph\":[{\"@type\":\"WebPage\",\"@id\":\"https:\/\/pause-paysanne.com\/\",\"url\":\"https:\/\/pause-paysanne.com\/\",\"name\":\"- pause paysanne\",\"isPartOf\":{\"@id\":\"https:\/\/pause-paysanne.com\/#website\"},\"primaryImageOfPage\":{\"@id\":\"https:\/\/pause-paysanne.com\/#primaryimage\"},\"image\":{\"@id\":\"https:\/\/pause-paysanne.com\/#primaryimage\"},\"thumbnailUrl\":\"http:\/\/pause-paysanne.com\/wp-content\/uploads\/2025\/10\/med-chevre-scaled.jpg\",\"datePublished\":\"2025-09-18T18:48:00+00:00\",\"dateModified\":\"2026-02-07T15:32:00+00:00\",\"inLanguage\":\"en-US\",\"potentialAction\":[{\"@type\":\"ReadAction\",\"target\":[\"https:\/\/pause-paysanne.com\/\"]}]},{\"@type\":\"ImageObject\",\"inLanguage\":\"en-US\",\"@id\":\"https:\/\/pause-paysanne.com\/#primaryimage\",\"url\":\"http:\/\/pause-paysanne.com\/wp-content\/uploads\/2025\/10\/med-chevre-scaled.jpg\",\"contentUrl\":\"http:\/\/pause-paysanne.com\/wp-content\/uploads\/2025\/10\/med-chevre-scaled.jpg\"},{\"@type\":\"WebSite\",\"@id\":\"https:\/\/pause-paysanne.com\/#website\",\"url\":\"https:\/\/pause-paysanne.com\/\",\"name\":\"pause paysanne\",\"description\":\"\",\"publisher\":{\"@id\":\"https:\/\/pause-paysanne.com\/#organization\"},\"potentialAction\":[{\"@type\":\"SearchAction\",\"target\":{\"@type\":\"EntryPoint\",\"urlTemplate\":\"https:\/\/pause-paysanne.com\/?s={search_term_string}\"},\"query-input\":{\"@type\":\"PropertyValueSpecification\",\"valueRequired\":true,\"valueName\":\"search_term_string\"}}],\"inLanguage\":\"en-US\"},{\"@type\":\"Organization\",\"@id\":\"https:\/\/pause-paysanne.com\/#organization\",\"name\":\"pause paysanne\",\"url\":\"https:\/\/pause-paysanne.com\/\",\"logo\":{\"@type\":\"ImageObject\",\"inLanguage\":\"en-US\",\"@id\":\"https:\/\/pause-paysanne.com\/#\/schema\/logo\/image\/\",\"url\":\"https:\/\/pause-paysanne.com\/wp-content\/uploads\/2025\/09\/cropped-accueil-pause-paysanne_03.png\",\"contentUrl\":\"https:\/\/pause-paysanne.com\/wp-content\/uploads\/2025\/09\/cropped-accueil-pause-paysanne_03.png\",\"width\":575,\"height\":155,\"caption\":\"pause paysanne\"},\"image\":{\"@id\":\"https:\/\/pause-paysanne.com\/#\/schema\/logo\/image\/\"}}]}<\/script>\n<!-- \/ Yoast SEO plugin. -->","yoast_head_json":{"title":"- pause paysanne","robots":{"index":"index","follow":"follow","max-snippet":"max-snippet:-1","max-image-preview":"max-image-preview:large","max-video-preview":"max-video-preview:-1"},"canonical":"https:\/\/pause-paysanne.com\/","og_locale":"en_US","og_type":"article","og_title":"- pause paysanne","og_description":"\u276e \u276f Nous vous accueillons dans un ensemble \u00e0 taille humaine pour vous permettre de faire une pause (paysanne\u00a0!) aux...","og_url":"https:\/\/pause-paysanne.com\/","og_site_name":"pause paysanne","article_modified_time":"2026-02-07T15:32:00+00:00","og_image":[{"url":"http:\/\/pause-paysanne.com\/wp-content\/uploads\/2025\/10\/med-chevre-scaled.jpg","type":"","width":"","height":""}],"twitter_card":"summary_large_image","twitter_misc":{"Est. reading time":"3 minutes"},"schema":{"@context":"https:\/\/schema.org","@graph":[{"@type":"WebPage","@id":"https:\/\/pause-paysanne.com\/","url":"https:\/\/pause-paysanne.com\/","name":"- pause paysanne","isPartOf":{"@id":"https:\/\/pause-paysanne.com\/#website"},"primaryImageOfPage":{"@id":"https:\/\/pause-paysanne.com\/#primaryimage"},"image":{"@id":"https:\/\/pause-paysanne.com\/#primaryimage"},"thumbnailUrl":"http:\/\/pause-paysanne.com\/wp-content\/uploads\/2025\/10\/med-chevre-scaled.jpg","datePublished":"2025-09-18T18:48:00+00:00","dateModified":"2026-02-07T15:32:00+00:00","inLanguage":"en-US","potentialAction":[{"@type":"ReadAction","target":["https:\/\/pause-paysanne.com\/"]}]},{"@type":"ImageObject","inLanguage":"en-US","@id":"https:\/\/pause-paysanne.com\/#primaryimage","url":"http:\/\/pause-paysanne.com\/wp-content\/uploads\/2025\/10\/med-chevre-scaled.jpg","contentUrl":"http:\/\/pause-paysanne.com\/wp-content\/uploads\/2025\/10\/med-chevre-scaled.jpg"},{"@type":"WebSite","@id":"https:\/\/pause-paysanne.com\/#website","url":"https:\/\/pause-paysanne.com\/","name":"pause paysanne","description":"","publisher":{"@id":"https:\/\/pause-paysanne.com\/#organization"},"potentialAction":[{"@type":"SearchAction","target":{"@type":"EntryPoint","urlTemplate":"https:\/\/pause-paysanne.com\/?s={search_term_string}"},"query-input":{"@type":"PropertyValueSpecification","valueRequired":true,"valueName":"search_term_string"}}],"inLanguage":"en-US"},{"@type":"Organization","@id":"https:\/\/pause-paysanne.com\/#organization","name":"pause paysanne","url":"https:\/\/pause-paysanne.com\/","logo":{"@type":"ImageObject","inLanguage":"en-US","@id":"https:\/\/pause-paysanne.com\/#\/schema\/logo\/image\/","url":"https:\/\/pause-paysanne.com\/wp-content\/uploads\/2025\/09\/cropped-accueil-pause-paysanne_03.png","contentUrl":"https:\/\/pause-paysanne.com\/wp-content\/uploads\/2025\/09\/cropped-accueil-pause-paysanne_03.png","width":575,"height":155,"caption":"pause paysanne"},"image":{"@id":"https:\/\/pause-paysanne.com\/#\/schema\/logo\/image\/"}}]}},"_links":{"self":[{"href":"https:\/\/pause-paysanne.com\/index.php\/wp-json\/wp\/v2\/pages\/6","targetHints":{"allow":["GET"]}}],"collection":[{"href":"https:\/\/pause-paysanne.com\/index.php\/wp-json\/wp\/v2\/pages"}],"about":[{"href":"https:\/\/pause-paysanne.com\/index.php\/wp-json\/wp\/v2\/types\/page"}],"author":[{"embeddable":true,"href":"https:\/\/pause-paysanne.com\/index.php\/wp-json\/wp\/v2\/users\/1"}],"replies":[{"embeddable":true,"href":"https:\/\/pause-paysanne.com\/index.php\/wp-json\/wp\/v2\/comments?post=6"}],"version-history":[{"count":196,"href":"https:\/\/pause-paysanne.com\/index.php\/wp-json\/wp\/v2\/pages\/6\/revisions"}],"predecessor-version":[{"id":716,"href":"https:\/\/pause-paysanne.com\/index.php\/wp-json\/wp\/v2\/pages\/6\/revisions\/716"}],"wp:attachment":[{"href":"https:\/\/pause-paysanne.com\/index.php\/wp-json\/wp\/v2\/media?parent=6"}],"curies":[{"name":"wp","href":"https:\/\/api.w.org\/{rel}","templated":true}]}}