{"id":729,"date":"2026-02-07T14:30:53","date_gmt":"2026-02-07T14:30:53","guid":{"rendered":"https:\/\/pause-paysanne.com\/?page_id=729"},"modified":"2026-02-07T14:50:01","modified_gmt":"2026-02-07T14:50:01","slug":"729-2","status":"publish","type":"page","link":"https:\/\/pause-paysanne.com\/index.php\/729-2\/","title":{"rendered":"Politique de confidentialit\u00e9"},"content":{"rendered":"<div style=\"margin-top: -350px;\">\n<p>1. Introduction<\/p>\n<p>La pr\u00e9sente politique de confidentialit\u00e9 d\u00e9crit comment pause-paysanne.com, accessible \u00e0 l\u2019adresse https:\/\/pause-paysanne.com\/, collecte, utilise et prot\u00e8ge les donn\u00e9es personnelles des utilisateurs, conform\u00e9ment au R\u00e8glement G\u00e9n\u00e9ral sur la Protection des Donn\u00e9es (RGPD).<\/p>\n<p>&#8212;<\/p>\n<p>2. Responsable du traitement des donn\u00e9es<\/p>\n<p>Le responsible du traitement des donn\u00e9es personnelles est :<\/p>\n<p>Nicolas<br \/>\nBOQUELET nicolas.boquelet216@gmail.com<\/p>\n<p>&#8212;<\/p>\n<p>3. Donn\u00e9es personnelles collect\u00e9es<\/p>\n<p>Le site peut collecter les donn\u00e9es personnelles suivantes :<\/p>\n<p>* Nom et pr\u00e9nom (si renseign\u00e9s)<br \/>\n* Adresse email<br \/>\n* Contenu du message envoy\u00e9 via le formulaire de contact<br \/>\n* Adresse IP et donn\u00e9es techniques (navigateur, syst\u00e8me d\u2019exploitation)<\/p>\n<p>Ces donn\u00e9es sont collect\u00e9es uniquement lorsque l\u2019utilisateur :<\/p>\n<p>* remplit le formulaire de contact<br \/>\n* navigue sur le site<\/p>\n<p>&#8212;<\/p>\n<p>4. Formulaire de contact<\/p>\n<p>Le site utilise le plugin Contact Form 7 pour la gestion des formulaires.<\/p>\n<p>Les donn\u00e9es envoy\u00e9es via le formulaire sont utilis\u00e9es exclusivement pour r\u00e9pondre \u00e0 la demande de l\u2019utilisateur et ne sont ni vendues ni transmises \u00e0 des tiers.<\/p>\n<p>Les messages peuvent \u00eatre conserv\u00e9s pendant une dur\u00e9e maximale de 24 mois.<\/p>\n<p>&#8212;<\/p>\n<p>5. Protection contre le spam (reCAPTCHA)<\/p>\n<p>Ce site est prot\u00e9g\u00e9 par Google reCAPTCHA, un service de protection contre les messages automatis\u00e9s et abusifs.<\/p>\n<p>L\u2019utilisation de reCAPTCHA implique la collecte de certaines donn\u00e9es (adresse IP, comportement utilisateur) par Google.<\/p>\n<p>L\u2019utilisation de ce service est soumise \u00e0 :<\/p>\n<p>* la politique de confidentialit\u00e9 de Google<br \/>\n* les conditions d\u2019utilisation de Google<\/p>\n<p>&#8212;<\/p>\n<p>6. Cookies<\/p>\n<p>Le site pause-paysanne utilise des cookies n\u00e9cessaires \u00e0 son bon fonctionnement et \u00e0 la s\u00e9curit\u00e9 du site.<\/p>\n<p>Ces cookies peuvent \u00eatre utilis\u00e9s pour :<\/p>\n<p>* assurer le bon fonctionnement du formulaire de contact<br \/>\n* prot\u00e9ger le site contre le spam<br \/>\n* m\u00e9moriser les pr\u00e9f\u00e9rences de navigation<\/p>\n<p>Un bandeau de gestion des cookies permet \u00e0 l\u2019utilisateur d\u2019accepter ou refuser les cookies non essentiels lors de sa premi\u00e8re visite.<\/p>\n<p>&#8212;<\/p>\n<p>7. H\u00e9bergement<\/p>\n<p>Le site est h\u00e9berg\u00e9 par :<\/p>\n<p>OVH<br \/>\nFRANCE<\/p>\n<p>L\u2019h\u00e9bergeur peut avoir acc\u00e8s \u00e0 certaines donn\u00e9es techniques dans le cadre strict de la maintenance et de la s\u00e9curit\u00e9 du site.<\/p>\n<p>&#8212;<\/p>\n<p>8. Dur\u00e9e de conservation des donn\u00e9es<\/p>\n<p>* Donn\u00e9es issues du formulaire de contact : 24 mois<br \/>\n* Donn\u00e9es techniques et logs de s\u00e9curit\u00e9 : 24 mois<br \/>\n* Cookies : selon leur nature et leur finalit\u00e9<\/p>\n<p>&#8212;<\/p>\n<p>9. Droits des utilisateurs<\/p>\n<p>Conform\u00e9ment au RGPD, vous disposez des droits suivants :<\/p>\n<p>* Droit d\u2019acc\u00e8s \u00e0 vos donn\u00e9es<br \/>\n* Droit de rectification<br \/>\n* Droit \u00e0 l\u2019effacement<br \/>\n* Droit \u00e0 la limitation du traitement<br \/>\n* Droit d\u2019opposition<\/p>\n<p>Pour exercer vos droits, vous pouvez contacter :<br \/>\nnicolas.boquelet216@gmail.com<\/p>\n<p>&#8212;<\/p>\n<p>10. S\u00e9curit\u00e9<\/p>\n<p>Le site met en \u0153uvre des mesures techniques et organisationnelles afin d\u2019assurer la s\u00e9curit\u00e9 et la confidentialit\u00e9 des donn\u00e9es personnelles collect\u00e9es.<\/p>\n<p>&#8212;<\/p>\n<p>11. Modification de la politique<\/p>\n<p>La pr\u00e9sente politique de confidentialit\u00e9 peut \u00eatre modifi\u00e9e \u00e0 tout moment afin de rester conforme \u00e0 la l\u00e9gislation en vigueur.<\/p>\n<p>Derni\u00e8re mise \u00e0 jour : 07\/02\/2026<\/p>\n<\/div>\n","protected":false},"excerpt":{"rendered":"<p>1. Introduction La pr\u00e9sente politique de confidentialit\u00e9 d\u00e9crit comment pause-paysanne.com, accessible \u00e0 l\u2019adresse https:\/\/pause-paysanne.com\/, collecte, utilise et prot\u00e8ge les donn\u00e9es&#8230;<\/p>\n","protected":false},"author":1,"featured_media":0,"parent":0,"menu_order":0,"comment_status":"closed","ping_status":"closed","template":"","meta":{"footnotes":""},"class_list":["post-729","page","type-page","status-publish","hentry"],"yoast_head":"<!-- This site is optimized with the Yoast SEO plugin v26.9 - https:\/\/yoast.com\/product\/yoast-seo-wordpress\/ -->\n<title>Politique de confidentialit\u00e9 - pause paysanne<\/title>\n<meta name=\"robots\" content=\"index, follow, max-snippet:-1, max-image-preview:large, max-video-preview:-1\" \/>\n<link rel=\"canonical\" href=\"https:\/\/pause-paysanne.com\/index.php\/729-2\/\" \/>\n<meta property=\"og:locale\" content=\"en_US\" \/>\n<meta property=\"og:type\" content=\"article\" \/>\n<meta property=\"og:title\" content=\"Politique de confidentialit\u00e9 - pause paysanne\" \/>\n<meta property=\"og:description\" content=\"1. Introduction La pr\u00e9sente politique de confidentialit\u00e9 d\u00e9crit comment pause-paysanne.com, accessible \u00e0 l\u2019adresse https:\/\/pause-paysanne.com\/, collecte, utilise et prot\u00e8ge les donn\u00e9es...\" \/>\n<meta property=\"og:url\" content=\"https:\/\/pause-paysanne.com\/index.php\/729-2\/\" \/>\n<meta property=\"og:site_name\" content=\"pause paysanne\" \/>\n<meta property=\"article:modified_time\" content=\"2026-02-07T14:50:01+00:00\" \/>\n<meta name=\"twitter:card\" content=\"summary_large_image\" \/>\n<meta name=\"twitter:label1\" content=\"Est. reading time\" \/>\n\t<meta name=\"twitter:data1\" content=\"2 minutes\" \/>\n<script type=\"application\/ld+json\" class=\"yoast-schema-graph\">{\"@context\":\"https:\/\/schema.org\",\"@graph\":[{\"@type\":\"WebPage\",\"@id\":\"https:\/\/pause-paysanne.com\/index.php\/729-2\/\",\"url\":\"https:\/\/pause-paysanne.com\/index.php\/729-2\/\",\"name\":\"Politique de confidentialit\u00e9 - pause paysanne\",\"isPartOf\":{\"@id\":\"https:\/\/pause-paysanne.com\/#website\"},\"datePublished\":\"2026-02-07T14:30:53+00:00\",\"dateModified\":\"2026-02-07T14:50:01+00:00\",\"breadcrumb\":{\"@id\":\"https:\/\/pause-paysanne.com\/index.php\/729-2\/#breadcrumb\"},\"inLanguage\":\"en-US\",\"potentialAction\":[{\"@type\":\"ReadAction\",\"target\":[\"https:\/\/pause-paysanne.com\/index.php\/729-2\/\"]}]},{\"@type\":\"BreadcrumbList\",\"@id\":\"https:\/\/pause-paysanne.com\/index.php\/729-2\/#breadcrumb\",\"itemListElement\":[{\"@type\":\"ListItem\",\"position\":1,\"name\":\"Home\",\"item\":\"https:\/\/pause-paysanne.com\/\"},{\"@type\":\"ListItem\",\"position\":2,\"name\":\"Politique de confidentialit\u00e9\"}]},{\"@type\":\"WebSite\",\"@id\":\"https:\/\/pause-paysanne.com\/#website\",\"url\":\"https:\/\/pause-paysanne.com\/\",\"name\":\"pause paysanne\",\"description\":\"\",\"publisher\":{\"@id\":\"https:\/\/pause-paysanne.com\/#organization\"},\"potentialAction\":[{\"@type\":\"SearchAction\",\"target\":{\"@type\":\"EntryPoint\",\"urlTemplate\":\"https:\/\/pause-paysanne.com\/?s={search_term_string}\"},\"query-input\":{\"@type\":\"PropertyValueSpecification\",\"valueRequired\":true,\"valueName\":\"search_term_string\"}}],\"inLanguage\":\"en-US\"},{\"@type\":\"Organization\",\"@id\":\"https:\/\/pause-paysanne.com\/#organization\",\"name\":\"pause paysanne\",\"url\":\"https:\/\/pause-paysanne.com\/\",\"logo\":{\"@type\":\"ImageObject\",\"inLanguage\":\"en-US\",\"@id\":\"https:\/\/pause-paysanne.com\/#\/schema\/logo\/image\/\",\"url\":\"https:\/\/pause-paysanne.com\/wp-content\/uploads\/2025\/09\/cropped-accueil-pause-paysanne_03.png\",\"contentUrl\":\"https:\/\/pause-paysanne.com\/wp-content\/uploads\/2025\/09\/cropped-accueil-pause-paysanne_03.png\",\"width\":575,\"height\":155,\"caption\":\"pause paysanne\"},\"image\":{\"@id\":\"https:\/\/pause-paysanne.com\/#\/schema\/logo\/image\/\"}}]}<\/script>\n<!-- \/ Yoast SEO plugin. -->","yoast_head_json":{"title":"Politique de confidentialit\u00e9 - pause paysanne","robots":{"index":"index","follow":"follow","max-snippet":"max-snippet:-1","max-image-preview":"max-image-preview:large","max-video-preview":"max-video-preview:-1"},"canonical":"https:\/\/pause-paysanne.com\/index.php\/729-2\/","og_locale":"en_US","og_type":"article","og_title":"Politique de confidentialit\u00e9 - pause paysanne","og_description":"1. Introduction La pr\u00e9sente politique de confidentialit\u00e9 d\u00e9crit comment pause-paysanne.com, accessible \u00e0 l\u2019adresse https:\/\/pause-paysanne.com\/, collecte, utilise et prot\u00e8ge les donn\u00e9es...","og_url":"https:\/\/pause-paysanne.com\/index.php\/729-2\/","og_site_name":"pause paysanne","article_modified_time":"2026-02-07T14:50:01+00:00","twitter_card":"summary_large_image","twitter_misc":{"Est. reading time":"2 minutes"},"schema":{"@context":"https:\/\/schema.org","@graph":[{"@type":"WebPage","@id":"https:\/\/pause-paysanne.com\/index.php\/729-2\/","url":"https:\/\/pause-paysanne.com\/index.php\/729-2\/","name":"Politique de confidentialit\u00e9 - pause paysanne","isPartOf":{"@id":"https:\/\/pause-paysanne.com\/#website"},"datePublished":"2026-02-07T14:30:53+00:00","dateModified":"2026-02-07T14:50:01+00:00","breadcrumb":{"@id":"https:\/\/pause-paysanne.com\/index.php\/729-2\/#breadcrumb"},"inLanguage":"en-US","potentialAction":[{"@type":"ReadAction","target":["https:\/\/pause-paysanne.com\/index.php\/729-2\/"]}]},{"@type":"BreadcrumbList","@id":"https:\/\/pause-paysanne.com\/index.php\/729-2\/#breadcrumb","itemListElement":[{"@type":"ListItem","position":1,"name":"Home","item":"https:\/\/pause-paysanne.com\/"},{"@type":"ListItem","position":2,"name":"Politique de confidentialit\u00e9"}]},{"@type":"WebSite","@id":"https:\/\/pause-paysanne.com\/#website","url":"https:\/\/pause-paysanne.com\/","name":"pause paysanne","description":"","publisher":{"@id":"https:\/\/pause-paysanne.com\/#organization"},"potentialAction":[{"@type":"SearchAction","target":{"@type":"EntryPoint","urlTemplate":"https:\/\/pause-paysanne.com\/?s={search_term_string}"},"query-input":{"@type":"PropertyValueSpecification","valueRequired":true,"valueName":"search_term_string"}}],"inLanguage":"en-US"},{"@type":"Organization","@id":"https:\/\/pause-paysanne.com\/#organization","name":"pause paysanne","url":"https:\/\/pause-paysanne.com\/","logo":{"@type":"ImageObject","inLanguage":"en-US","@id":"https:\/\/pause-paysanne.com\/#\/schema\/logo\/image\/","url":"https:\/\/pause-paysanne.com\/wp-content\/uploads\/2025\/09\/cropped-accueil-pause-paysanne_03.png","contentUrl":"https:\/\/pause-paysanne.com\/wp-content\/uploads\/2025\/09\/cropped-accueil-pause-paysanne_03.png","width":575,"height":155,"caption":"pause paysanne"},"image":{"@id":"https:\/\/pause-paysanne.com\/#\/schema\/logo\/image\/"}}]}},"_links":{"self":[{"href":"https:\/\/pause-paysanne.com\/index.php\/wp-json\/wp\/v2\/pages\/729","targetHints":{"allow":["GET"]}}],"collection":[{"href":"https:\/\/pause-paysanne.com\/index.php\/wp-json\/wp\/v2\/pages"}],"about":[{"href":"https:\/\/pause-paysanne.com\/index.php\/wp-json\/wp\/v2\/types\/page"}],"author":[{"embeddable":true,"href":"https:\/\/pause-paysanne.com\/index.php\/wp-json\/wp\/v2\/users\/1"}],"replies":[{"embeddable":true,"href":"https:\/\/pause-paysanne.com\/index.php\/wp-json\/wp\/v2\/comments?post=729"}],"version-history":[{"count":11,"href":"https:\/\/pause-paysanne.com\/index.php\/wp-json\/wp\/v2\/pages\/729\/revisions"}],"predecessor-version":[{"id":748,"href":"https:\/\/pause-paysanne.com\/index.php\/wp-json\/wp\/v2\/pages\/729\/revisions\/748"}],"wp:attachment":[{"href":"https:\/\/pause-paysanne.com\/index.php\/wp-json\/wp\/v2\/media?parent=729"}],"curies":[{"name":"wp","href":"https:\/\/api.w.org\/{rel}","templated":true}]}}