{"id":749,"date":"2026-02-07T14:51:39","date_gmt":"2026-02-07T14:51:39","guid":{"rendered":"https:\/\/pause-paysanne.com\/?page_id=749"},"modified":"2026-02-07T14:57:44","modified_gmt":"2026-02-07T14:57:44","slug":"mentions-legales","status":"publish","type":"page","link":"https:\/\/pause-paysanne.com\/index.php\/mentions-legales\/","title":{"rendered":"Mentions l\u00e9gales"},"content":{"rendered":"<div style=\"margin-top: -350px;\">\n<p>Mentions l\u00e9gales<\/p>\n\n\n\n<p>\u00c9diteur du site<\/p>\n\n\n\n<p>Le pr\u00e9sent site, accessible \u00e0 l\u2019adresse <a href=\"https:\/\/pause-paysanne.com\/\">pause-paysanne.com<\/a>, est \u00e9dit\u00e9 par :<\/p>\n\n\n\n<p>Pause paysanne<\/p>\n\n\n\n<p>Statut en cours d&#8217;enregistrement<\/p>\n\n\n\n<p>nicolas.boquelet216@gmail.com<\/p>\n\n\n\n<p><\/p>\n\n\n\n<p>Num\u00e9ro SIRET \/ RCS en cours d&#8217;enregistrement<\/p>\n\n\n\n<p><\/p>\n\n\n\n<p>&#8212;<\/p>\n\n\n\n<p>Directeur de la publication<\/p>\n\n\n\n<p>Le directeur de la publication est :<\/p>\n\n\n\n<p>Nicolas BOQUELET<\/p>\n\n\n\n<p>&#8212;<\/p>\n\n\n\n<p>H\u00e9bergement<\/p>\n\n\n\n<p>Le site est h\u00e9berg\u00e9 par :<\/p>\n\n\n\n<p>OVH<\/p>\n\n\n\n<p><a href=\"https:\/\/www.bing.com\/ck\/a?!&amp;&amp;p=0deae69d543c5c2f015822b92bdd6f213fa371c151e92c31b2b7092d0e53c715JmltdHM9MTc3MDQyMjQwMA&amp;ptn=3&amp;ver=2&amp;hsh=4&amp;fclid=2b6362e8-b233-64d9-24bd-7400b3ce653d&amp;u=a1L21hcHM_Jm1lcGk9MH5-RW1iZWRkZWR-QWRkcmVzc19MaW5rJnR5PTE4JnE9RURGJTIwT1ZIJnNzPXlwaWQuWU4zQTExMUNGODhBREE3QUU0JnBwb2lzPTUwLjYzOTAxNTE5Nzc1MzkwNl8zLjA3MjI0OTE3NDExODA0Ml9FREYlMjBPVkhfWU4zQTExMUNGODhBREE3QUU0fiZjcD01MC42MzkwMTV-My4wNzIyNDkmdj0yJnNWPTEmRk9STT1NUFNSUEw&amp;ntb=1\" target=\"_blank\" rel=\"noreferrer noopener\">50 Rue de Safed, 59777 Lille<\/a><\/p>\n\n\n\n<p>https:\/\/www.ovhclound.com\/fr\/<\/p>\n\n\n\n<p>&#8212;<\/p>\n\n\n\n<p>Propri\u00e9t\u00e9 intellectuelle<\/p>\n\n\n\n<p>L\u2019ensemble du contenu pr\u00e9sent sur le site <a href=\"https:\/\/pause-paysanne.com\/\">pause-paysanne.com<\/a> (textes, images, graphismes, logo, ic\u00f4nes, etc.) est prot\u00e9g\u00e9 par le droit d\u2019auteur.<\/p>\n\n\n\n<p>Toute reproduction, repr\u00e9sentation, modification ou adaptation, totale ou partielle, est interdite sans autorisation pr\u00e9alable \u00e9crite.<\/p>\n\n\n\n<p>&#8212;<\/p>\n\n\n\n<p>Responsabilit\u00e9<\/p>\n\n\n\n<p>L\u2019\u00e9diteur du site met tout en \u0153uvre pour fournir des informations aussi pr\u00e9cises que possible. Toutefois, il ne saurait \u00eatre tenu responsable des omissions, inexactitudes ou carences dans la mise \u00e0 jour du contenu.<\/p>\n\n\n\n<p>L\u2019utilisation du site se fait sous la seule responsabilit\u00e9 de l\u2019utilisateur.<\/p>\n\n\n\n<p>&#8212;<\/p>\n\n\n\n<p>Donn\u00e9es personnelles<\/p>\n\n\n\n<p>Les informations personnelles \u00e9ventuellement collect\u00e9es sur le site sont trait\u00e9es conform\u00e9ment \u00e0 la r\u00e9glementation en vigueur.<\/p>\n\n\n\n<p>Pour en savoir plus sur la collecte et le traitement des donn\u00e9es personnelles, veuillez consulter la page <a href=\"https:\/\/pause-paysanne.com\/index.php\/729-2\/\">Politique de confidentialit\u00e9<\/a><\/p>\n\n\n\n<p>&#8212;<\/p>\n\n\n\n<p>Cookies<\/p>\n\n\n\n<p>Le site peut \u00eatre amen\u00e9 \u00e0 utiliser des cookies afin d\u2019am\u00e9liorer l\u2019exp\u00e9rience utilisateur.<\/p>\n\n\n\n<p>L\u2019utilisateur peut g\u00e9rer ses pr\u00e9f\u00e9rences via le bandeau de gestion des cookies lors de sa premi\u00e8re visite.<\/p>\n\n\n\n<p>&#8212;<\/p>\n\n\n\n<p>Droit applicable<\/p>\n\n\n\n<p>Les pr\u00e9sentes mentions l\u00e9gales sont r\u00e9gies par le droit Fran\u00e7ais.<\/p>\n\n\n\n<p>En cas de litige, et \u00e0 d\u00e9faut de r\u00e9solution amiable, les tribunaux comp\u00e9tents seront ceux du ressort de ROUEN.<\/p>\n<\/div>","protected":false},"excerpt":{"rendered":"<p>Mentions l\u00e9gales \u00c9diteur du site Le pr\u00e9sent site, accessible \u00e0 l\u2019adresse pause-paysanne.com, est \u00e9dit\u00e9 par : Pause paysanne Statut en&#8230;<\/p>\n","protected":false},"author":1,"featured_media":0,"parent":0,"menu_order":0,"comment_status":"closed","ping_status":"closed","template":"","meta":{"footnotes":""},"class_list":["post-749","page","type-page","status-publish","hentry"],"yoast_head":"<!-- This site is optimized with the Yoast SEO plugin v26.9 - https:\/\/yoast.com\/product\/yoast-seo-wordpress\/ -->\n<title>Mentions l\u00e9gales - pause paysanne<\/title>\n<meta name=\"robots\" content=\"index, follow, max-snippet:-1, max-image-preview:large, max-video-preview:-1\" \/>\n<link rel=\"canonical\" href=\"https:\/\/pause-paysanne.com\/index.php\/mentions-legales\/\" \/>\n<meta property=\"og:locale\" content=\"en_US\" \/>\n<meta property=\"og:type\" content=\"article\" \/>\n<meta property=\"og:title\" content=\"Mentions l\u00e9gales - pause paysanne\" \/>\n<meta property=\"og:description\" content=\"Mentions l\u00e9gales \u00c9diteur du site Le pr\u00e9sent site, accessible \u00e0 l\u2019adresse pause-paysanne.com, est \u00e9dit\u00e9 par : Pause paysanne Statut en...\" \/>\n<meta property=\"og:url\" content=\"https:\/\/pause-paysanne.com\/index.php\/mentions-legales\/\" \/>\n<meta property=\"og:site_name\" content=\"pause paysanne\" \/>\n<meta property=\"article:modified_time\" content=\"2026-02-07T14:57:44+00:00\" \/>\n<meta name=\"twitter:card\" content=\"summary_large_image\" \/>\n<meta name=\"twitter:label1\" content=\"Est. reading time\" \/>\n\t<meta name=\"twitter:data1\" content=\"1 minute\" \/>\n<script type=\"application\/ld+json\" class=\"yoast-schema-graph\">{\"@context\":\"https:\/\/schema.org\",\"@graph\":[{\"@type\":\"WebPage\",\"@id\":\"https:\/\/pause-paysanne.com\/index.php\/mentions-legales\/\",\"url\":\"https:\/\/pause-paysanne.com\/index.php\/mentions-legales\/\",\"name\":\"Mentions l\u00e9gales - pause paysanne\",\"isPartOf\":{\"@id\":\"https:\/\/pause-paysanne.com\/#website\"},\"datePublished\":\"2026-02-07T14:51:39+00:00\",\"dateModified\":\"2026-02-07T14:57:44+00:00\",\"breadcrumb\":{\"@id\":\"https:\/\/pause-paysanne.com\/index.php\/mentions-legales\/#breadcrumb\"},\"inLanguage\":\"en-US\",\"potentialAction\":[{\"@type\":\"ReadAction\",\"target\":[\"https:\/\/pause-paysanne.com\/index.php\/mentions-legales\/\"]}]},{\"@type\":\"BreadcrumbList\",\"@id\":\"https:\/\/pause-paysanne.com\/index.php\/mentions-legales\/#breadcrumb\",\"itemListElement\":[{\"@type\":\"ListItem\",\"position\":1,\"name\":\"Home\",\"item\":\"https:\/\/pause-paysanne.com\/\"},{\"@type\":\"ListItem\",\"position\":2,\"name\":\"Mentions l\u00e9gales\"}]},{\"@type\":\"WebSite\",\"@id\":\"https:\/\/pause-paysanne.com\/#website\",\"url\":\"https:\/\/pause-paysanne.com\/\",\"name\":\"pause paysanne\",\"description\":\"\",\"publisher\":{\"@id\":\"https:\/\/pause-paysanne.com\/#organization\"},\"potentialAction\":[{\"@type\":\"SearchAction\",\"target\":{\"@type\":\"EntryPoint\",\"urlTemplate\":\"https:\/\/pause-paysanne.com\/?s={search_term_string}\"},\"query-input\":{\"@type\":\"PropertyValueSpecification\",\"valueRequired\":true,\"valueName\":\"search_term_string\"}}],\"inLanguage\":\"en-US\"},{\"@type\":\"Organization\",\"@id\":\"https:\/\/pause-paysanne.com\/#organization\",\"name\":\"pause paysanne\",\"url\":\"https:\/\/pause-paysanne.com\/\",\"logo\":{\"@type\":\"ImageObject\",\"inLanguage\":\"en-US\",\"@id\":\"https:\/\/pause-paysanne.com\/#\/schema\/logo\/image\/\",\"url\":\"https:\/\/pause-paysanne.com\/wp-content\/uploads\/2025\/09\/cropped-accueil-pause-paysanne_03.png\",\"contentUrl\":\"https:\/\/pause-paysanne.com\/wp-content\/uploads\/2025\/09\/cropped-accueil-pause-paysanne_03.png\",\"width\":575,\"height\":155,\"caption\":\"pause paysanne\"},\"image\":{\"@id\":\"https:\/\/pause-paysanne.com\/#\/schema\/logo\/image\/\"}}]}<\/script>\n<!-- \/ Yoast SEO plugin. -->","yoast_head_json":{"title":"Mentions l\u00e9gales - pause paysanne","robots":{"index":"index","follow":"follow","max-snippet":"max-snippet:-1","max-image-preview":"max-image-preview:large","max-video-preview":"max-video-preview:-1"},"canonical":"https:\/\/pause-paysanne.com\/index.php\/mentions-legales\/","og_locale":"en_US","og_type":"article","og_title":"Mentions l\u00e9gales - pause paysanne","og_description":"Mentions l\u00e9gales \u00c9diteur du site Le pr\u00e9sent site, accessible \u00e0 l\u2019adresse pause-paysanne.com, est \u00e9dit\u00e9 par : Pause paysanne Statut en...","og_url":"https:\/\/pause-paysanne.com\/index.php\/mentions-legales\/","og_site_name":"pause paysanne","article_modified_time":"2026-02-07T14:57:44+00:00","twitter_card":"summary_large_image","twitter_misc":{"Est. reading time":"1 minute"},"schema":{"@context":"https:\/\/schema.org","@graph":[{"@type":"WebPage","@id":"https:\/\/pause-paysanne.com\/index.php\/mentions-legales\/","url":"https:\/\/pause-paysanne.com\/index.php\/mentions-legales\/","name":"Mentions l\u00e9gales - pause paysanne","isPartOf":{"@id":"https:\/\/pause-paysanne.com\/#website"},"datePublished":"2026-02-07T14:51:39+00:00","dateModified":"2026-02-07T14:57:44+00:00","breadcrumb":{"@id":"https:\/\/pause-paysanne.com\/index.php\/mentions-legales\/#breadcrumb"},"inLanguage":"en-US","potentialAction":[{"@type":"ReadAction","target":["https:\/\/pause-paysanne.com\/index.php\/mentions-legales\/"]}]},{"@type":"BreadcrumbList","@id":"https:\/\/pause-paysanne.com\/index.php\/mentions-legales\/#breadcrumb","itemListElement":[{"@type":"ListItem","position":1,"name":"Home","item":"https:\/\/pause-paysanne.com\/"},{"@type":"ListItem","position":2,"name":"Mentions l\u00e9gales"}]},{"@type":"WebSite","@id":"https:\/\/pause-paysanne.com\/#website","url":"https:\/\/pause-paysanne.com\/","name":"pause paysanne","description":"","publisher":{"@id":"https:\/\/pause-paysanne.com\/#organization"},"potentialAction":[{"@type":"SearchAction","target":{"@type":"EntryPoint","urlTemplate":"https:\/\/pause-paysanne.com\/?s={search_term_string}"},"query-input":{"@type":"PropertyValueSpecification","valueRequired":true,"valueName":"search_term_string"}}],"inLanguage":"en-US"},{"@type":"Organization","@id":"https:\/\/pause-paysanne.com\/#organization","name":"pause paysanne","url":"https:\/\/pause-paysanne.com\/","logo":{"@type":"ImageObject","inLanguage":"en-US","@id":"https:\/\/pause-paysanne.com\/#\/schema\/logo\/image\/","url":"https:\/\/pause-paysanne.com\/wp-content\/uploads\/2025\/09\/cropped-accueil-pause-paysanne_03.png","contentUrl":"https:\/\/pause-paysanne.com\/wp-content\/uploads\/2025\/09\/cropped-accueil-pause-paysanne_03.png","width":575,"height":155,"caption":"pause paysanne"},"image":{"@id":"https:\/\/pause-paysanne.com\/#\/schema\/logo\/image\/"}}]}},"_links":{"self":[{"href":"https:\/\/pause-paysanne.com\/index.php\/wp-json\/wp\/v2\/pages\/749","targetHints":{"allow":["GET"]}}],"collection":[{"href":"https:\/\/pause-paysanne.com\/index.php\/wp-json\/wp\/v2\/pages"}],"about":[{"href":"https:\/\/pause-paysanne.com\/index.php\/wp-json\/wp\/v2\/types\/page"}],"author":[{"embeddable":true,"href":"https:\/\/pause-paysanne.com\/index.php\/wp-json\/wp\/v2\/users\/1"}],"replies":[{"embeddable":true,"href":"https:\/\/pause-paysanne.com\/index.php\/wp-json\/wp\/v2\/comments?post=749"}],"version-history":[{"count":3,"href":"https:\/\/pause-paysanne.com\/index.php\/wp-json\/wp\/v2\/pages\/749\/revisions"}],"predecessor-version":[{"id":753,"href":"https:\/\/pause-paysanne.com\/index.php\/wp-json\/wp\/v2\/pages\/749\/revisions\/753"}],"wp:attachment":[{"href":"https:\/\/pause-paysanne.com\/index.php\/wp-json\/wp\/v2\/media?parent=749"}],"curies":[{"name":"wp","href":"https:\/\/api.w.org\/{rel}","templated":true}]}}